{"id":1258,"date":"2022-12-27T02:21:31","date_gmt":"2022-12-26T19:21:31","guid":{"rendered":"http:\/\/hanoiattorneys.com\/cong-ty\/"},"modified":"2024-05-04T10:17:47","modified_gmt":"2024-05-04T03:17:47","slug":"cong-ty","status":"publish","type":"page","link":"https:\/\/gianganhlaw.com\/en\/gioi-thieu\/cong-ty\/","title":{"rendered":"C\u00f4ng Ty"},"content":{"rendered":"\n  <div class=\"banner has-hover\" id=\"banner-664851226\">\n          <div class=\"banner-inner fill\">\n        <div class=\"banner-bg fill\" >\n            <div class=\"bg fill bg-fill bg-loaded\"><\/div>\n                                    \n                    <\/div>\n\t\t\n        <div class=\"banner-layers container\">\n            <div class=\"fill banner-link\"><\/div>            \n        <\/div>\n      <\/div>\n\n            \n<style>\n#banner-664851226 {\n  padding-top: 500px;\n}\n#banner-664851226 .bg.bg-loaded {\n  background-image: url(https:\/\/gianganhlaw.com\/wp-content\/uploads\/2024\/05\/IMG_0458-1-scaled.jpg);\n}\n<\/style>\n  <\/div>\n\n\n\t<section class=\"section width_1000\" id=\"section_1121656400\">\n\t\t<div class=\"bg section-bg fill bg-fill bg-loaded bg-loaded\" >\n\n\t\t\t\n\t\t\t\n\t\t\t\n\n\t\t<\/div>\n\n\t\t\n\n\t\t<div class=\"section-content relative\">\n\t\t\t\n<div class=\"row\"  id=\"row-183760859\">\n\n\t<div id=\"col-165629592\" class=\"col small-12 large-12\"  data-animate=\"fadeInUp\">\n\t\t\t\t<div class=\"col-inner\"  >\n\t\t\t\n\t\t\t\n<div class=\"container section-title-container title_center up_top\" ><h2 class=\"section-title section-title-center\"><b><\/b><span class=\"section-title-main\" >Lu\u1eadt Giang Anh<\/span><b><\/b><\/h2><\/div>\n\t<div id=\"text-783374250\" class=\"text text_justify\">\n\t\t\n<p>C\u00f4ng ty Lu\u1eadt TNHH Giang Anh (t\u00ean vi\u1ebft t\u1eaft: GA Law.LLC) \u0111\u01b0\u1ee3c s\u00e1ng l\u1eadp b\u1edfi Lu\u1eadt s\u01b0 Tr\u1ea7n Ph\u01b0\u01a1ng Anh (Lu\u1eadt s\u01b0 th\u00e0nh vi\u00ean &#8211; \u0110o\u00e0n Lu\u1eadt s\u01b0 th\u00e0nh ph\u1ed1 H\u00e0 N\u1ed9i) t\u1eeb th\u00e1ng 01\/2021. M\u1ee5c ti\u00eau c\u1ee7a C\u00f4ng ty l\u00e0 cung c\u1ea5p c\u00e1c gi\u1ea3i ph\u00e1p v\u00e0 d\u1ecbch v\u1ee5 ph\u00e1p l\u00fd t\u1edbi kh\u00e1ch h\u00e0ng trong l\u0129nh v\u1ef1c chuy\u00ean s\u00e2u T\u1ed1 t\u1ee5ng D\u00e2n s\u1ef1, H\u00ecnh s\u1ef1, Tranh ch\u1ea5p \u0111\u1ea5t \u0111ai v\u00e0 Ph\u00e1p ch\u1ebf Doanh nghi\u1ec7p tr\u00ean l\u00e3nh th\u1ed5 Vi\u1ec7t Nam, \u0111\u1ed3ng th\u1eddi \u0111\u1ea1i di\u1ec7n v\u00e0 tham gia b\u1ea3o v\u1ec7 cho kh\u00e1ch h\u00e0ng trong t\u1ea5t c\u1ea3 c\u00e1c v\u1ee5 vi\u1ec7c thu\u1ed9c l\u0129nh v\u1ef1c H\u00e0nh ch\u00ednh, \u0110\u1ea5t \u0111ai, \u00a0Kinh doanh th\u01b0\u01a1ng m\u1ea1i, H\u00f4n nh\u00e2n &amp; gia \u0111\u00ecnh.<\/p>\n<p>L\u1ef1a ch\u1ecdn tri\u1ebft l\u00fd ho\u1ea1t \u0111\u1ed9ng &#8220;C\u1ee7ng c\u1ed1 v\u1ecb th\u1ebf. Gia t\u0103ng gi\u00e1 tr\u1ecb&#8221; , Giang Anh Law cam k\u1ebft l\u1ef1a ch\u1ecdn c\u00e1c gi\u1ea3i ph\u00e1p ph\u00e1p l\u00fd h\u1eefu hi\u1ec7u nh\u1ea5t \u0111\u1ec3 kh\u00e1ch h\u00e0ng lu\u00f4n gi\u00e0nh \u0111\u01b0\u1ee3c nh\u1eefng l\u1ee3i \u00edch th\u1ecfa \u0111\u00e1ng trong c\u00e1c giao d\u1ecbch ho\u1eb7c tranh ch\u1ea5p c\u1ee7a m\u00ecnh. Ch\u00fang t\u00f4i kh\u00f4ng ng\u1eebng n\u1ed7 l\u1ef1c v\u00e0 lu\u00f4n kh\u1eb3ng \u0111\u1ecbnh s\u1ef1 t\u1eadn t\u00e2m, t\u1eadn s\u1ee9c, t\u1eadn l\u1ef1c c\u1ee7a m\u1ed7i ch\u00fang t\u00f4i khi chuy\u1ec3n giao gi\u00e1 tr\u1ecb s\u1ebd \u0111\u01b0\u1ee3c nh\u1eadn l\u1ea1i ni\u1ec1m tin t\u1eeb Qu\u00fd v\u1ecb.<\/p>\n<p><span style=\"color: #0065AB;\"><strong>C\u00e1c d\u1ecbch v\u1ee5 ph\u00e1p l\u00fd ch\u00fang t\u00f4i cung c\u1ea5p:<\/strong><\/span><\/p>\n<ul class=\"list_tick_decor\">\n<li>T\u1ed1 t\u1ee5ng H\u00ecnh s\u1ef1<\/li>\n<li>T\u1ed1 t\u1ee5ng D\u00e2n s\u1ef1, H\u00f4n nh\u00e2n &amp; Gia \u0111\u00ecnh, Lao \u0111\u1ed9ng, Kinh doanh &amp; Th\u01b0\u01a1ng m\u1ea1i, \u0110\u1ea5t \u0111ai<\/li>\n<li>Tr\u1ecdng t\u00e0i th\u01b0\u01a1ng m\u1ea1i<\/li>\n<li>T\u01b0 v\u1ea5n ph\u00e1p l\u00fd thu\u1ed9c c\u00e1c l\u0129nh v\u1ef1c<\/li>\n<li>\u0110\u1ea1i di\u1ec7n theo \u1ee7y quy\u1ec1n tham gia gi\u1ea3i quy\u1ebft c\u00e1c v\u1ee5 vi\u1ec7c v\u00e0 tranh ch\u1ea5p<\/li>\n<li>Ph\u00e1p ch\u1ebf Doanh nghi\u1ec7p (c\u00e1c v\u1ea5n \u0111\u1ec1 n\u1ed9i b\u1ed9 v\u00e0 \u0111\u1ed1i ngo\u1ea1i, \u0111\u1ea7u t\u1eeb c\u1ee7a Doanh nghi\u1ec7p)<\/li>\n<li>Th\u1ef1c hi\u1ec7n c\u00e1c th\u1ee7 t\u1ee5c li\u00ean quan \u0111\u1ebfn Doanh nghi\u1ec7p;<\/li>\n<li>T\u01b0 v\u1ea5n, l\u1eadp v\u00e0 l\u00e0m ch\u1ee9ng di ch\u00fac, c\u00e1c v\u0103n b\u1ea3n th\u1ecfa thu\u1eadn v\u1ec1 t\u00e0i s\u1ea3n;<\/li>\n<li>Trung gian h\u00f2a gi\u1ea3i m\u00e2u thu\u1eabn gi\u1eefa v\u1ee3 ch\u1ed3ng tr\u01b0\u1edbc ly h\u00f4n.<\/li>\n<\/ul>\n<p><strong><span style=\"color: #0065AB;\">T\u1ea0I SAO CH\u1eccN CH\u00daNG T\u00d4I?<\/span><\/strong><\/p>\n<ul class=\"list_tick_decor\">\n<li>Giang Anh Law kh\u00f4ng ch\u1ec9 \u0111\u01b0a ra l\u1eddi khuy\u00ean ph\u00e1p l\u00fd cho m\u1ecdi h\u1ec7 qu\u1ea3 ti\u1ec1m \u1ea9n d\u1ef1a tr\u00ean m\u1ed7i quy\u1ebft \u0111\u1ecbnh v\u00e0 l\u1ef1a ch\u1ecdn c\u1ee7a kh\u00e1ch h\u00e0ng m\u00e0 c\u00f2n gi\u00fap kh\u00e1ch h\u00e0ng \u0111i tr\u01b0\u1edbc m\u1ed9t b\u01b0\u1edbc trong vi\u1ec7c ph\u00f2ng tr\u00e1nh r\u1ee7i ro, h\u1ea1n ch\u1ebf t\u1ed1i \u0111a thi\u1ec7t h\u1ea1i.<\/li>\n<li>Giang Anh Law x\u00e2y d\u1ef1ng quy tr\u00ecnh gi\u1ea3i quy\u1ebft m\u1ed9t c\u00e1ch ch\u1eb7t ch\u1ebd t\u1eeb kh\u00e2u ti\u1ebfp nh\u1eadn th\u00f4ng tin c\u1ee7a kh\u00e1ch h\u00e0ng cho \u0111\u1ebfn khi ho\u00e0n th\u00e0nh c\u00f4ng vi\u1ec7c<\/li>\n<li>Giang Anh Law c\u00f3 \u0111\u1ed9i ng\u0169 nh\u00e2n s\u1ef1 chuy\u00ean nghi\u1ec7p, t\u1eadn t\u00e2m v\u00e0 gi\u00e0u kinh nghi\u1ec7m<\/li>\n<li>Giang Anh Law ho\u1ea1t \u0111\u1ed9ng kh\u00f4ng ch\u1ec9 tu\u00e2n theo ph\u00e1p lu\u1eadt, Quy t\u1eafc h\u00e0nh ngh\u1ec1 m\u00e0 c\u00f2n b\u00e1m ch\u1eb7t v\u00e0o l\u01b0\u01a1ng t\u00e2m, tr\u00e1ch nhi\u1ec7m ngh\u1ec1 nghi\u1ec7p<\/li>\n<li>Kh\u00e1ch h\u00e0ng c\u1ee7a Giang Anh Law s\u1ebd lu\u00f4n \u0111\u01b0\u1ee3c \u0111\u1ea3m b\u1ea3o quy\u1ec1n \u0111\u01b0\u1ee3c ti\u1ebfp c\u1eadn th\u00f4ng tin, ti\u1ebfn tr\u00ecnh gi\u1ea3i quy\u1ebft v\u1ee5 vi\u1ec7c m\u1ed9t c\u00e1ch \u0111\u1ea7y \u0111\u1ee7 v\u00e0 ch\u00ednh x\u00e1c nh\u1ea5t.<\/li>\n<li>M\u1ed9t khi \u0111\u00e3 l\u00e0 kh\u00e1ch h\u00e0ng c\u1ee7a Giang Anh Law, b\u1ea1n s\u1ebd m\u00e3i l\u00e0 kh\u00e1ch h\u00e0ng c\u1ee7a Giang Anh Law v\u00e0 \u0111\u01b0\u1ee3c h\u01b0\u1edfng tr\u1ecdn v\u1eb9n, \u0111\u1ea7y \u0111\u1ee7 c\u00e1c d\u1ecbch v\u1ee5, \u01b0u \u0111\u00e3i, ch\u0103m s\u00f3c t\u1eeb Giang Anh Law.<\/li>\n<\/ul>\n\t\t\t<\/div>\n\t\n\t\t<\/div>\n\t\t\t\t\t<\/div>\n\n\t\n<\/div>\n\t\t<\/div>\n\n\t\t\n<style>\n#section_1121656400 {\n  padding-top: 90px;\n  padding-bottom: 90px;\n  background-color: rgb(248, 248, 248);\n}\n<\/style>\n\t<\/section>\n\t\n","protected":false},"excerpt":{"rendered":"","protected":false},"author":2,"featured_media":0,"parent":1261,"menu_order":0,"comment_status":"closed","ping_status":"closed","template":"page-blank.php","meta":{"footnotes":""},"class_list":["post-1258","page","type-page","status-publish","hentry"],"yoast_head":"<!-- This site is optimized with the Yoast SEO plugin v21.8 - https:\/\/yoast.com\/wordpress\/plugins\/seo\/ -->\n<title>C\u00f4ng Ty - Lu\u1eadt Giang Anh<\/title>\n<meta name=\"robots\" content=\"index, follow, max-snippet:-1, max-image-preview:large, max-video-preview:-1\" \/>\n<link rel=\"canonical\" href=\"https:\/\/gianganhlaw.com\/en\/gioi-thieu\/cong-ty\/\" \/>\n<meta property=\"og:locale\" content=\"en_US\" \/>\n<meta property=\"og:type\" content=\"article\" \/>\n<meta property=\"og:title\" content=\"C\u00f4ng Ty - Lu\u1eadt Giang Anh\" \/>\n<meta property=\"og:url\" content=\"https:\/\/gianganhlaw.com\/en\/gioi-thieu\/cong-ty\/\" \/>\n<meta property=\"og:site_name\" content=\"Lu\u1eadt Giang Anh\" \/>\n<meta property=\"article:modified_time\" content=\"2024-05-04T03:17:47+00:00\" \/>\n<meta property=\"og:image\" content=\"https:\/\/gianganhlaw.com\/wp-content\/uploads\/2023\/01\/111.jpg\" \/>\n\t<meta property=\"og:image:width\" content=\"1600\" \/>\n\t<meta property=\"og:image:height\" content=\"900\" \/>\n\t<meta property=\"og:image:type\" content=\"image\/jpeg\" \/>\n<meta name=\"twitter:card\" content=\"summary_large_image\" \/>\n<meta name=\"twitter:label1\" content=\"Est. reading time\" \/>\n\t<meta name=\"twitter:data1\" content=\"3 minutes\" \/>\n<script type=\"application\/ld+json\" class=\"yoast-schema-graph\">{\"@context\":\"https:\/\/schema.org\",\"@graph\":[{\"@type\":\"WebPage\",\"@id\":\"https:\/\/gianganhlaw.com\/en\/gioi-thieu\/cong-ty\/\",\"url\":\"https:\/\/gianganhlaw.com\/en\/gioi-thieu\/cong-ty\/\",\"name\":\"C\u00f4ng Ty - Lu\u1eadt Giang Anh\",\"isPartOf\":{\"@id\":\"https:\/\/gianganhlaw.com\/#website\"},\"datePublished\":\"2022-12-26T19:21:31+00:00\",\"dateModified\":\"2024-05-04T03:17:47+00:00\",\"breadcrumb\":{\"@id\":\"https:\/\/gianganhlaw.com\/en\/gioi-thieu\/cong-ty\/#breadcrumb\"},\"inLanguage\":\"en-US\",\"potentialAction\":[{\"@type\":\"ReadAction\",\"target\":[\"https:\/\/gianganhlaw.com\/en\/gioi-thieu\/cong-ty\/\"]}]},{\"@type\":\"BreadcrumbList\",\"@id\":\"https:\/\/gianganhlaw.com\/en\/gioi-thieu\/cong-ty\/#breadcrumb\",\"itemListElement\":[{\"@type\":\"ListItem\",\"position\":1,\"name\":\"Home\",\"item\":\"https:\/\/gianganhlaw.com\/en\/\"},{\"@type\":\"ListItem\",\"position\":2,\"name\":\"Gi\u1edbi Thi\u1ec7u\",\"item\":\"https:\/\/gianganhlaw.com\/en\/gioi-thieu\/\"},{\"@type\":\"ListItem\",\"position\":3,\"name\":\"C\u00f4ng Ty\"}]},{\"@type\":\"WebSite\",\"@id\":\"https:\/\/gianganhlaw.com\/#website\",\"url\":\"https:\/\/gianganhlaw.com\/\",\"name\":\"Lu\u1eadt Giang Anh\",\"description\":\"\",\"potentialAction\":[{\"@type\":\"SearchAction\",\"target\":{\"@type\":\"EntryPoint\",\"urlTemplate\":\"https:\/\/gianganhlaw.com\/?s={search_term_string}\"},\"query-input\":\"required name=search_term_string\"}],\"inLanguage\":\"en-US\"}]}<\/script>\n<!-- \/ Yoast SEO plugin. -->","yoast_head_json":{"title":"C\u00f4ng Ty - Lu\u1eadt Giang Anh","robots":{"index":"index","follow":"follow","max-snippet":"max-snippet:-1","max-image-preview":"max-image-preview:large","max-video-preview":"max-video-preview:-1"},"canonical":"https:\/\/gianganhlaw.com\/en\/gioi-thieu\/cong-ty\/","og_locale":"en_US","og_type":"article","og_title":"C\u00f4ng Ty - Lu\u1eadt Giang Anh","og_url":"https:\/\/gianganhlaw.com\/en\/gioi-thieu\/cong-ty\/","og_site_name":"Lu\u1eadt Giang Anh","article_modified_time":"2024-05-04T03:17:47+00:00","og_image":[{"width":1600,"height":900,"url":"https:\/\/gianganhlaw.com\/wp-content\/uploads\/2023\/01\/111.jpg","type":"image\/jpeg"}],"twitter_card":"summary_large_image","twitter_misc":{"Est. reading time":"3 minutes"},"schema":{"@context":"https:\/\/schema.org","@graph":[{"@type":"WebPage","@id":"https:\/\/gianganhlaw.com\/en\/gioi-thieu\/cong-ty\/","url":"https:\/\/gianganhlaw.com\/en\/gioi-thieu\/cong-ty\/","name":"C\u00f4ng Ty - Lu\u1eadt Giang Anh","isPartOf":{"@id":"https:\/\/gianganhlaw.com\/#website"},"datePublished":"2022-12-26T19:21:31+00:00","dateModified":"2024-05-04T03:17:47+00:00","breadcrumb":{"@id":"https:\/\/gianganhlaw.com\/en\/gioi-thieu\/cong-ty\/#breadcrumb"},"inLanguage":"en-US","potentialAction":[{"@type":"ReadAction","target":["https:\/\/gianganhlaw.com\/en\/gioi-thieu\/cong-ty\/"]}]},{"@type":"BreadcrumbList","@id":"https:\/\/gianganhlaw.com\/en\/gioi-thieu\/cong-ty\/#breadcrumb","itemListElement":[{"@type":"ListItem","position":1,"name":"Home","item":"https:\/\/gianganhlaw.com\/en\/"},{"@type":"ListItem","position":2,"name":"Gi\u1edbi Thi\u1ec7u","item":"https:\/\/gianganhlaw.com\/en\/gioi-thieu\/"},{"@type":"ListItem","position":3,"name":"C\u00f4ng Ty"}]},{"@type":"WebSite","@id":"https:\/\/gianganhlaw.com\/#website","url":"https:\/\/gianganhlaw.com\/","name":"Lu\u1eadt Giang Anh","description":"","potentialAction":[{"@type":"SearchAction","target":{"@type":"EntryPoint","urlTemplate":"https:\/\/gianganhlaw.com\/?s={search_term_string}"},"query-input":"required name=search_term_string"}],"inLanguage":"en-US"}]}},"_links":{"self":[{"href":"https:\/\/gianganhlaw.com\/en\/wp-json\/wp\/v2\/pages\/1258","targetHints":{"allow":["GET"]}}],"collection":[{"href":"https:\/\/gianganhlaw.com\/en\/wp-json\/wp\/v2\/pages"}],"about":[{"href":"https:\/\/gianganhlaw.com\/en\/wp-json\/wp\/v2\/types\/page"}],"author":[{"embeddable":true,"href":"https:\/\/gianganhlaw.com\/en\/wp-json\/wp\/v2\/users\/2"}],"replies":[{"embeddable":true,"href":"https:\/\/gianganhlaw.com\/en\/wp-json\/wp\/v2\/comments?post=1258"}],"version-history":[{"count":7,"href":"https:\/\/gianganhlaw.com\/en\/wp-json\/wp\/v2\/pages\/1258\/revisions"}],"predecessor-version":[{"id":3085,"href":"https:\/\/gianganhlaw.com\/en\/wp-json\/wp\/v2\/pages\/1258\/revisions\/3085"}],"up":[{"embeddable":true,"href":"https:\/\/gianganhlaw.com\/en\/wp-json\/wp\/v2\/pages\/1261"}],"wp:attachment":[{"href":"https:\/\/gianganhlaw.com\/en\/wp-json\/wp\/v2\/media?parent=1258"}],"curies":[{"name":"wp","href":"https:\/\/api.w.org\/{rel}","templated":true}]}}