{"id":1259,"date":"2019-04-05T09:31:03","date_gmt":"2019-04-05T02:31:03","guid":{"rendered":"http:\/\/hanoiattorneys.com\/dich-vu\/"},"modified":"2024-05-29T16:03:51","modified_gmt":"2024-05-29T09:03:51","slug":"dich-vu","status":"publish","type":"page","link":"https:\/\/gianganhlaw.com\/en\/gioi-thieu\/dich-vu\/","title":{"rendered":"D\u1ecbch V\u1ee5"},"content":{"rendered":"\n  <div class=\"banner has-hover is-full-height\" id=\"banner-27924934\">\n          <div class=\"banner-inner fill\">\n        <div class=\"banner-bg fill\" >\n            <div class=\"bg fill bg-fill bg-loaded\"><\/div>\n                                    \n                    <\/div>\n\t\t\n        <div class=\"banner-layers container\">\n            <div class=\"fill banner-link\"><\/div>            \n   <div id=\"text-box-1343910405\" class=\"text-box banner-layer x50 md-x50 lg-x50 y50 md-y50 lg-y50 res-text\">\n                                <div class=\"text-box-content text dark\">\n              \n              <div class=\"text-inner text-center\">\n                  \n              <\/div>\n           <\/div>\n                            \n<style>\n#text-box-1343910405 {\n  width: 60%;\n}\n#text-box-1343910405 .text-box-content {\n  font-size: 100%;\n}\n<\/style>\n    <\/div>\n \n        <\/div>\n      <\/div>\n\n            \n<style>\n#banner-27924934 {\n  padding-top: 100%;\n}\n#banner-27924934 .bg.bg-loaded {\n  background-image: url(https:\/\/gianganhlaw.com\/wp-content\/uploads\/2023\/06\/z4368842658134_aee461e149c0fa57838be963dae3f9c3-1536x2048.jpg);\n}\n<\/style>\n  <\/div>\n\n\n\t<section class=\"section width_1000\" id=\"section_516842731\">\n\t\t<div class=\"bg section-bg fill bg-fill bg-loaded bg-loaded\" >\n\n\t\t\t\n\t\t\t\n\t\t\t\n\n\t\t<\/div>\n\n\t\t\n\n\t\t<div class=\"section-content relative\">\n\t\t\t\n<div class=\"row\"  id=\"row-2090506476\">\n\n\t<div id=\"col-1158604364\" class=\"col small-12 large-12 col-divided\"  data-animate=\"fadeInUp\">\n\t\t\t\t<div class=\"col-inner\"  >\n\t\t\t\n\t\t\t\n<div class=\"container section-title-container title_center up_top\" ><h2 class=\"section-title section-title-center\"><b><\/b><span class=\"section-title-main\" >D\u1ecbch v\u1ee5 c\u1ee7a ch\u00fang t\u00f4i<\/span><b><\/b><\/h2><\/div>\n<div class=\"row row-collapse align-center\"  id=\"row-1929568390\">\n\n\t<div id=\"col-390178209\" class=\"col medium-5 small-12 large-4 medium-col-first col-divided\"  >\n\t\t\t\t<div class=\"col-inner\"  >\n\t\t\t\n\t\t\t\n\t<div id=\"text-4108630544\" class=\"text text_justify\">\n\t\t\n<p>H\u00ecnh s\u1ef1\u00a0<\/p>\n<p>D\u00e2n s\u1ef1\u00a0<\/p>\n<p>H\u00f4n nh\u00e2n &#8211; Gia \u0111\u00ecnh\u00a0<\/p>\n<p>\u0110\u1ea7u t\u01b0 &#8211; Doanh nghi\u1ec7p\u00a0<\/p>\n\t\t\n<style>\n#text-4108630544 {\n  font-size: 1.1rem;\n  line-height: 2;\n  text-align: left;\n}\n<\/style>\n\t<\/div>\n\t\n\t\t<\/div>\n\t\t\t\t\t<\/div>\n\n\t\n\n\t<div id=\"col-1416321792\" class=\"col medium-4 small-12 large-3\"  >\n\t\t\t\t<div class=\"col-inner text-left\"  >\n\t\t\t\n\t\t\t\n\t<div id=\"text-2274952644\" class=\"text text_justify\">\n\t\t\n<p>Tranh ch\u1ea5p \u0111\u1ea5t \u0111ai<\/p>\n<p>Lao \u0111\u1ed9ng<\/p>\n<p>Th\u1ee7 t\u1ee5c &#8211; Gi\u1ea5y ph\u00e9p<\/p>\n\t\t\n<style>\n#text-2274952644 {\n  font-size: 1.1rem;\n  line-height: 2;\n}\n<\/style>\n\t<\/div>\n\t\n\t\t<\/div>\n\t\t\t\t\t<\/div>\n\n\t\n<\/div>\n\t\t<\/div>\n\t\t\t\t\t<\/div>\n\n\t\n<\/div>\n\t\t<\/div>\n\n\t\t\n<style>\n#section_516842731 {\n  padding-top: 90px;\n  padding-bottom: 90px;\n  background-color: rgb(248, 248, 248);\n}\n<\/style>\n\t<\/section>\n\t\n","protected":false},"excerpt":{"rendered":"","protected":false},"author":2,"featured_media":0,"parent":1261,"menu_order":0,"comment_status":"closed","ping_status":"closed","template":"page-blank.php","meta":{"footnotes":""},"class_list":["post-1259","page","type-page","status-publish","hentry"],"yoast_head":"<!-- This site is optimized with the Yoast SEO plugin v21.8 - https:\/\/yoast.com\/wordpress\/plugins\/seo\/ -->\n<title>D\u1ecbch V\u1ee5 - Lu\u1eadt Giang Anh<\/title>\n<meta name=\"robots\" content=\"index, follow, max-snippet:-1, max-image-preview:large, max-video-preview:-1\" \/>\n<link rel=\"canonical\" href=\"https:\/\/gianganhlaw.com\/en\/gioi-thieu\/dich-vu\/\" \/>\n<meta property=\"og:locale\" content=\"en_US\" \/>\n<meta property=\"og:type\" content=\"article\" \/>\n<meta property=\"og:title\" content=\"D\u1ecbch V\u1ee5 - Lu\u1eadt Giang Anh\" \/>\n<meta property=\"og:url\" content=\"https:\/\/gianganhlaw.com\/en\/gioi-thieu\/dich-vu\/\" \/>\n<meta property=\"og:site_name\" content=\"Lu\u1eadt Giang Anh\" \/>\n<meta property=\"article:modified_time\" content=\"2024-05-29T09:03:51+00:00\" \/>\n<meta property=\"og:image\" content=\"https:\/\/gianganhlaw.com\/wp-content\/uploads\/2023\/01\/111.jpg\" \/>\n\t<meta property=\"og:image:width\" content=\"1600\" \/>\n\t<meta property=\"og:image:height\" content=\"900\" \/>\n\t<meta property=\"og:image:type\" content=\"image\/jpeg\" \/>\n<meta name=\"twitter:card\" content=\"summary_large_image\" \/>\n<meta name=\"twitter:label1\" content=\"Est. reading time\" \/>\n\t<meta name=\"twitter:data1\" content=\"1 minute\" \/>\n<script type=\"application\/ld+json\" class=\"yoast-schema-graph\">{\"@context\":\"https:\/\/schema.org\",\"@graph\":[{\"@type\":\"WebPage\",\"@id\":\"https:\/\/gianganhlaw.com\/en\/gioi-thieu\/dich-vu\/\",\"url\":\"https:\/\/gianganhlaw.com\/en\/gioi-thieu\/dich-vu\/\",\"name\":\"D\u1ecbch V\u1ee5 - Lu\u1eadt Giang Anh\",\"isPartOf\":{\"@id\":\"https:\/\/gianganhlaw.com\/#website\"},\"datePublished\":\"2019-04-05T02:31:03+00:00\",\"dateModified\":\"2024-05-29T09:03:51+00:00\",\"breadcrumb\":{\"@id\":\"https:\/\/gianganhlaw.com\/en\/gioi-thieu\/dich-vu\/#breadcrumb\"},\"inLanguage\":\"en-US\",\"potentialAction\":[{\"@type\":\"ReadAction\",\"target\":[\"https:\/\/gianganhlaw.com\/en\/gioi-thieu\/dich-vu\/\"]}]},{\"@type\":\"BreadcrumbList\",\"@id\":\"https:\/\/gianganhlaw.com\/en\/gioi-thieu\/dich-vu\/#breadcrumb\",\"itemListElement\":[{\"@type\":\"ListItem\",\"position\":1,\"name\":\"Home\",\"item\":\"https:\/\/gianganhlaw.com\/en\/\"},{\"@type\":\"ListItem\",\"position\":2,\"name\":\"Gi\u1edbi Thi\u1ec7u\",\"item\":\"https:\/\/gianganhlaw.com\/en\/gioi-thieu\/\"},{\"@type\":\"ListItem\",\"position\":3,\"name\":\"D\u1ecbch V\u1ee5\"}]},{\"@type\":\"WebSite\",\"@id\":\"https:\/\/gianganhlaw.com\/#website\",\"url\":\"https:\/\/gianganhlaw.com\/\",\"name\":\"Lu\u1eadt Giang Anh\",\"description\":\"\",\"potentialAction\":[{\"@type\":\"SearchAction\",\"target\":{\"@type\":\"EntryPoint\",\"urlTemplate\":\"https:\/\/gianganhlaw.com\/?s={search_term_string}\"},\"query-input\":\"required name=search_term_string\"}],\"inLanguage\":\"en-US\"}]}<\/script>\n<!-- \/ Yoast SEO plugin. -->","yoast_head_json":{"title":"D\u1ecbch V\u1ee5 - Lu\u1eadt Giang Anh","robots":{"index":"index","follow":"follow","max-snippet":"max-snippet:-1","max-image-preview":"max-image-preview:large","max-video-preview":"max-video-preview:-1"},"canonical":"https:\/\/gianganhlaw.com\/en\/gioi-thieu\/dich-vu\/","og_locale":"en_US","og_type":"article","og_title":"D\u1ecbch V\u1ee5 - Lu\u1eadt Giang Anh","og_url":"https:\/\/gianganhlaw.com\/en\/gioi-thieu\/dich-vu\/","og_site_name":"Lu\u1eadt Giang Anh","article_modified_time":"2024-05-29T09:03:51+00:00","og_image":[{"width":1600,"height":900,"url":"https:\/\/gianganhlaw.com\/wp-content\/uploads\/2023\/01\/111.jpg","type":"image\/jpeg"}],"twitter_card":"summary_large_image","twitter_misc":{"Est. reading time":"1 minute"},"schema":{"@context":"https:\/\/schema.org","@graph":[{"@type":"WebPage","@id":"https:\/\/gianganhlaw.com\/en\/gioi-thieu\/dich-vu\/","url":"https:\/\/gianganhlaw.com\/en\/gioi-thieu\/dich-vu\/","name":"D\u1ecbch V\u1ee5 - Lu\u1eadt Giang Anh","isPartOf":{"@id":"https:\/\/gianganhlaw.com\/#website"},"datePublished":"2019-04-05T02:31:03+00:00","dateModified":"2024-05-29T09:03:51+00:00","breadcrumb":{"@id":"https:\/\/gianganhlaw.com\/en\/gioi-thieu\/dich-vu\/#breadcrumb"},"inLanguage":"en-US","potentialAction":[{"@type":"ReadAction","target":["https:\/\/gianganhlaw.com\/en\/gioi-thieu\/dich-vu\/"]}]},{"@type":"BreadcrumbList","@id":"https:\/\/gianganhlaw.com\/en\/gioi-thieu\/dich-vu\/#breadcrumb","itemListElement":[{"@type":"ListItem","position":1,"name":"Home","item":"https:\/\/gianganhlaw.com\/en\/"},{"@type":"ListItem","position":2,"name":"Gi\u1edbi Thi\u1ec7u","item":"https:\/\/gianganhlaw.com\/en\/gioi-thieu\/"},{"@type":"ListItem","position":3,"name":"D\u1ecbch V\u1ee5"}]},{"@type":"WebSite","@id":"https:\/\/gianganhlaw.com\/#website","url":"https:\/\/gianganhlaw.com\/","name":"Lu\u1eadt Giang Anh","description":"","potentialAction":[{"@type":"SearchAction","target":{"@type":"EntryPoint","urlTemplate":"https:\/\/gianganhlaw.com\/?s={search_term_string}"},"query-input":"required name=search_term_string"}],"inLanguage":"en-US"}]}},"_links":{"self":[{"href":"https:\/\/gianganhlaw.com\/en\/wp-json\/wp\/v2\/pages\/1259","targetHints":{"allow":["GET"]}}],"collection":[{"href":"https:\/\/gianganhlaw.com\/en\/wp-json\/wp\/v2\/pages"}],"about":[{"href":"https:\/\/gianganhlaw.com\/en\/wp-json\/wp\/v2\/types\/page"}],"author":[{"embeddable":true,"href":"https:\/\/gianganhlaw.com\/en\/wp-json\/wp\/v2\/users\/2"}],"replies":[{"embeddable":true,"href":"https:\/\/gianganhlaw.com\/en\/wp-json\/wp\/v2\/comments?post=1259"}],"version-history":[{"count":8,"href":"https:\/\/gianganhlaw.com\/en\/wp-json\/wp\/v2\/pages\/1259\/revisions"}],"predecessor-version":[{"id":3144,"href":"https:\/\/gianganhlaw.com\/en\/wp-json\/wp\/v2\/pages\/1259\/revisions\/3144"}],"up":[{"embeddable":true,"href":"https:\/\/gianganhlaw.com\/en\/wp-json\/wp\/v2\/pages\/1261"}],"wp:attachment":[{"href":"https:\/\/gianganhlaw.com\/en\/wp-json\/wp\/v2\/media?parent=1259"}],"curies":[{"name":"wp","href":"https:\/\/api.w.org\/{rel}","templated":true}]}}