{"id":1260,"date":"2017-10-11T17:02:28","date_gmt":"2017-10-11T10:02:28","guid":{"rendered":"http:\/\/hanoiattorneys.com\/lien-he\/"},"modified":"2024-01-10T14:23:23","modified_gmt":"2024-01-10T07:23:23","slug":"lien-he","status":"publish","type":"page","link":"https:\/\/gianganhlaw.com\/en\/lien-he\/","title":{"rendered":"Li\u00ean h\u1ec7"},"content":{"rendered":"\t<section class=\"section sec_lien_he\" id=\"section_1816562160\">\n\t\t<div class=\"bg section-bg fill bg-fill bg-loaded bg-loaded\" >\n\n\t\t\t\n\t\t\t\n\t\t\t\n\n\t\t<\/div>\n\n\t\t\n\n\t\t<div class=\"section-content relative\">\n\t\t\t\n<div class=\"row row-collapse row-full-width\"  id=\"row-13675791\">\n\n\t<div id=\"col-1057851945\" class=\"col small-12 large-12\"  >\n\t\t\t\t<div class=\"col-inner\"  >\n\t\t\t\n\t\t\t\n\n\t\t<div class=\"tabbed-content\">\n\t\t\t\n\t\t\t<ul class=\"nav nav-pills nav-uppercase nav-size-normal nav-left\" role=\"tablist\"><li id=\"tab-tr\u1ee5-s\u1edf\" class=\"tab active has-icon\" role=\"presentation\"><a href=\"#tab_tr\u1ee5-s\u1edf\" role=\"tab\" aria-selected=\"true\" aria-controls=\"tab_tr\u1ee5-s\u1edf\"><span>Tr\u1ee5 s\u1edf<\/span><\/a><\/li>\n<li id=\"tab-v\u0103n-ph\u00f2ng-\u0111\u1ea1i-di\u1ec7n\" class=\"tab has-icon\" role=\"presentation\"><a href=\"#tab_v\u0103n-ph\u00f2ng-\u0111\u1ea1i-di\u1ec7n\" tabindex=\"-1\" role=\"tab\" aria-selected=\"false\" aria-controls=\"tab_v\u0103n-ph\u00f2ng-\u0111\u1ea1i-di\u1ec7n\"><span>V\u0103n ph\u00f2ng \u0111\u1ea1i di\u1ec7n<\/span><\/a><\/li><\/ul><div class=\"tab-panels\"><div id=\"tab_tr\u1ee5-s\u1edf\" class=\"panel active entry-content\" role=\"tabpanel\" aria-labelledby=\"tab-tr\u1ee5-s\u1edf\">\n<p><iframe loading=\"lazy\" style=\"border: 0;\" src=\"https:\/\/www.google.com\/maps\/embed?pb=!1m18!1m12!1m3!1d1626.5915615854562!2d105.76654642548597!3d20.96811948054713!2m3!1f0!2f0!3f0!3m2!1i1024!2i768!4f13.1!3m3!1m2!1s0x0%3A0x7625f4dd6d6f4713!2zMjDCsDU4JzA0LjMiTiAxMDXCsDQ2JzAwLjYiRQ!5e0!3m2!1svi!2s!4v1672721742795!5m2!1svi!2s\" width=\"100%\" height=\"500\" frameborder=\"0\" allowfullscreen=\"allowfullscreen\"><\/iframe><\/p>\n<\/div>\n<div id=\"tab_v\u0103n-ph\u00f2ng-\u0111\u1ea1i-di\u1ec7n\" class=\"panel entry-content\" role=\"tabpanel\" aria-labelledby=\"tab-v\u0103n-ph\u00f2ng-\u0111\u1ea1i-di\u1ec7n\">\n<p><iframe loading=\"lazy\" style=\"border: 0;\" src=\"https:\/\/www.google.com\/maps\/embed?pb=!1m18!1m12!1m3!1d232.77233051295605!2d105.84066967819358!3d21.01838537339492!2m3!1f0!2f0!3f0!3m2!1i1024!2i768!4f13.1!3m3!1m2!1s0x3135ab443ab40f41%3A0x39b35de760fceeb9!2sLu%E1%BA%ADt%20Giang%20Anh!5e0!3m2!1svi!2sus!4v1701663203770!5m2!1svi!2sus\" width=\"100%\" height=\"500\" frameborder=\"0\" allowfullscreen=\"allowfullscreen\"><\/iframe><\/p>\n<\/div><\/div><\/div>\n\t\t<\/div>\n\t\t\t\t\t<\/div>\n\n\t\n<\/div>\n\t<div id=\"gap-978658509\" class=\"gap-element clearfix\" style=\"display:block; height:auto;\">\n\t\t\n<style>\n#gap-978658509 {\n  padding-top: 30px;\n}\n<\/style>\n\t<\/div>\n\t\n<div class=\"row\"  id=\"row-558757261\">\n\n\t<div id=\"col-1093708786\" class=\"col medium-6 small-12 large-8\"  data-animate=\"fadeInLeft\">\n\t\t\t\t<div class=\"col-inner\"  >\n\t\t\t\n\t\t\t\n<h3><b>Vui l\u00f2ng \u0111i\u1ec1n v\u00e0o m\u1eabu d\u01b0\u1edbi \u0111\u00e2y:<\/b><\/h3>\n\n<div class=\"wpcf7 no-js\" id=\"wpcf7-f43-o1\" lang=\"vi\" dir=\"ltr\">\n<div class=\"screen-reader-response\"><p role=\"status\" aria-live=\"polite\" aria-atomic=\"true\"><\/p> <ul><\/ul><\/div>\n<form action=\"\/en\/wp-json\/wp\/v2\/pages\/1260#wpcf7-f43-o1\" method=\"post\" class=\"wpcf7-form init\" aria-label=\"Form li\u00ean h\u1ec7\" novalidate=\"novalidate\" data-status=\"init\">\n<div style=\"display: none;\">\n<input type=\"hidden\" name=\"_wpcf7\" value=\"43\" \/>\n<input type=\"hidden\" name=\"_wpcf7_version\" value=\"5.8.5\" \/>\n<input type=\"hidden\" name=\"_wpcf7_locale\" value=\"vi\" \/>\n<input type=\"hidden\" name=\"_wpcf7_unit_tag\" value=\"wpcf7-f43-o1\" \/>\n<input type=\"hidden\" name=\"_wpcf7_container_post\" value=\"0\" \/>\n<input type=\"hidden\" name=\"_wpcf7_posted_data_hash\" value=\"\" \/>\n<\/div>\n<div class=\"form-ct clear\">\n\t<div class=\"form-row w50\">\n\t\t<p><span class=\"wpcf7-form-control-wrap\" data-name=\"text-name\"><input size=\"40\" class=\"wpcf7-form-control wpcf7-text wpcf7-validates-as-required form_lien_he\" id=\"text-name\" aria-required=\"true\" aria-invalid=\"false\" placeholder=\"H\u1ecd v\u00e0 t\u00ean\" value=\"\" type=\"text\" name=\"text-name\" \/><\/span><br \/>\n<span id=\"wpcf7-69e2f5e743b7b-wrapper\" class=\"wpcf7-form-control-wrap Full-name-wrap\" style=\"display:none !important; visibility:hidden !important;\"><label for=\"wpcf7-69e2f5e743b7b-field\" class=\"hp-message\">Please leave this field empty.<\/label><input id=\"wpcf7-69e2f5e743b7b-field\"  class=\"wpcf7-form-control wpcf7-text\" type=\"text\" name=\"Full-name\" value=\"\" size=\"40\" tabindex=\"-1\" autocomplete=\"new-password\" \/><\/span>\n\t\t<\/p>\n\t<\/div>\n\t<div class=\"form-row w50\">\n\t\t<p><span class=\"wpcf7-form-control-wrap\" data-name=\"email-contact\"><input size=\"40\" class=\"wpcf7-form-control wpcf7-email wpcf7-validates-as-required wpcf7-text wpcf7-validates-as-email form_lien_he\" id=\"email-contact\" aria-required=\"true\" aria-invalid=\"false\" placeholder=\"Email\" value=\"\" type=\"email\" name=\"email-contact\" \/><\/span>\n\t\t<\/p>\n\t<\/div>\n\t<div class=\"form-row w50\">\n\t\t<p><span class=\"wpcf7-form-control-wrap\" data-name=\"tel-contact\"><input size=\"40\" class=\"wpcf7-form-control wpcf7-tel wpcf7-validates-as-required wpcf7-text wpcf7-validates-as-tel form_lien_he\" id=\"tel-contact\" aria-required=\"true\" aria-invalid=\"false\" placeholder=\"S\u1ed1 \u0111i\u1ec7n tho\u1ea1i\" value=\"\" type=\"tel\" name=\"tel-contact\" \/><\/span>\n\t\t<\/p>\n\t<\/div>\n\t<div class=\"form-row w50\">\n\t\t<p><span class=\"wpcf7-form-control-wrap\" data-name=\"text-address\"><input size=\"40\" class=\"wpcf7-form-control wpcf7-text form_lien_he\" id=\"text-address\" aria-invalid=\"false\" placeholder=\"\u0110\u1ecba ch\u1ec9\" value=\"\" type=\"text\" name=\"text-address\" \/><\/span>\n\t\t<\/p>\n\t<\/div>\n\t<div class=\"form-row\">\n\t\t<p><span class=\"wpcf7-form-control-wrap\" data-name=\"textarea-noidung\"><textarea cols=\"40\" rows=\"10\" class=\"wpcf7-form-control wpcf7-textarea wpcf7-validates-as-required form_lien_he\" id=\"textarea-noidung\" aria-required=\"true\" aria-invalid=\"false\" placeholder=\"L\u1eddi nh\u1eafn\" name=\"textarea-noidung\"><\/textarea><\/span>\n\t\t<\/p>\n\t<\/div>\n\t<div class=\"form-row center-txt\">\n\t\t<p><input class=\"wpcf7-form-control wpcf7-submit has-spinner form_lien_he\" id=\"bt-gui\" type=\"submit\" value=\"G\u1eedi\" \/>\n\t\t<\/p>\n\t<\/div>\n<\/div><div class=\"wpcf7-response-output\" aria-hidden=\"true\"><\/div>\n<\/form>\n<\/div>\n\n\t\t<\/div>\n\t\t\t\t\t<\/div>\n\n\t\n\n\t<div id=\"col-2050576260\" class=\"col medium-6 small-12 large-4\"  data-animate=\"fadeInRight\">\n\t\t\t\t<div class=\"col-inner\"  >\n\t\t\t\n\t\t\t\n<h3><b>Th\u00f4ng tin li\u00ean h\u1ec7<\/b><\/h3>\n\n\t\t<div class=\"icon-box featured-box icon-box-left text-left\"  style=\"margin:0px 0px 10px 0px;\">\n\t\t\t\t\t<div class=\"icon-box-img\" style=\"width: 20px\">\n\t\t\t\t<div class=\"icon\">\n\t\t\t\t\t<div class=\"icon-inner\" >\n\t\t\t\t\t\t<?xml version=\"1.0\" encoding=\"iso-8859-1\"?>\n<!-- Generator: Adobe Illustrator 19.0.0, SVG Export Plug-In . SVG Version: 6.00 Build 0)  -->\n<svg version=\"1.1\" id=\"Layer_1\" xmlns=\"http:\/\/www.w3.org\/2000\/svg\" xmlns:xlink=\"http:\/\/www.w3.org\/1999\/xlink\" x=\"0px\" y=\"0px\"\n\t viewBox=\"0 0 440 440\" style=\"enable-background:new 0 0 440 440;\" xml:space=\"preserve\">\n<g>\n\t<path d=\"M340.57,241.141c-54.826,0-99.429,44.604-99.429,99.43c0,54.825,44.604,99.429,99.429,99.429S440,395.396,440,340.571\n\t\tC440,285.745,395.396,241.141,340.57,241.141z M328.122,395.104l-58.807-58.807l21.213-21.213l37.594,37.594l56.035-56.034\n\t\tl21.213,21.213L328.122,395.104z\"\/>\n\t<path d=\"M166.62,119.397c-24.813,0-45,20.187-45,45s20.187,45,45,45c24.813,0,45-20.187,45-45S191.433,119.397,166.62,119.397z\"\/>\n\t<path d=\"M326.984,211.853c4.067-14.39,6.256-29.559,6.256-45.234C333.24,74.745,258.494,0,166.62,0C74.746,0,0,74.745,0,166.619\n\t\tc0,38.93,13.421,74.781,35.878,103.177L166.62,434.174l48.641-61.155c-2.688-10.373-4.12-21.247-4.12-32.448\n\t\tC211.141,273.791,261.978,218.665,326.984,211.853z M91.62,164.397c0-41.355,33.645-75,75-75c41.355,0,75,33.645,75,75\n\t\ts-33.645,75-75,75C125.265,239.397,91.62,205.752,91.62,164.397z\"\/>\n<\/g>\n<g>\n<\/g>\n<g>\n<\/g>\n<g>\n<\/g>\n<g>\n<\/g>\n<g>\n<\/g>\n<g>\n<\/g>\n<g>\n<\/g>\n<g>\n<\/g>\n<g>\n<\/g>\n<g>\n<\/g>\n<g>\n<\/g>\n<g>\n<\/g>\n<g>\n<\/g>\n<g>\n<\/g>\n<g>\n<\/g>\n<\/svg>\n\t\t\t\t\t<\/div>\n\t\t\t\t<\/div>\n\t\t\t<\/div>\n\t\t\t\t<div class=\"icon-box-text last-reset\">\n\t\t\t\t\t\t\t\t\t\n<ul class=\"list_address\">\n<li><strong>Tr\u1ee5 s\u1edf:<\/strong><br \/>\nD26 Khu \u0111\u1ea5u gi\u00e1 Ng\u00f4 Th\u00ec Nh\u1eadm, ph\u01b0\u1eddng H\u00e0 C\u1ea7u, qu\u1eadn H\u00e0 \u0110\u00f4ng, H\u00e0 N\u1ed9i<\/li>\n<li><strong>V\u0103n ph\u00f2ng giao d\u1ecbch (t\u1ea1i H\u00e0 N\u1ed9i):<\/strong><br \/>\nPh\u00f2ng 311 T\u00f2a nh\u00e0 142 L\u00ea Du\u1ea9n, ph\u01b0\u1eddng Kh\u00e2m Thi\u00ean, qu\u1eadn \u0110\u1ed1ng \u0110a, H\u00e0 N\u1ed9i<\/li>\n<\/ul>\n\t\t<\/div>\n\t<\/div>\n\t\n\t\n\n\t<a class=\"plain\" href=\"tel:0345428686\" >\t<div class=\"icon-box featured-box icon-box-left text-left\"  >\n\t\t\t\t\t<div class=\"icon-box-img\" style=\"width: 20px\">\n\t\t\t\t<div class=\"icon\">\n\t\t\t\t\t<div class=\"icon-inner\" >\n\t\t\t\t\t\t<?xml version=\"1.0\" encoding=\"iso-8859-1\"?>\n<!-- Generator: Adobe Illustrator 16.0.0, SVG Export Plug-In . SVG Version: 6.00 Build 0)  -->\n<!DOCTYPE svg PUBLIC \"-\/\/W3C\/\/DTD SVG 1.1\/\/EN\" \"http:\/\/www.w3.org\/Graphics\/SVG\/1.1\/DTD\/svg11.dtd\">\n<svg version=\"1.1\" id=\"Capa_1\" xmlns=\"http:\/\/www.w3.org\/2000\/svg\" xmlns:xlink=\"http:\/\/www.w3.org\/1999\/xlink\" x=\"0px\" y=\"0px\"\n\t width=\"612px\" height=\"612px\" viewBox=\"0 0 612 612\" style=\"enable-background:new 0 0 612 612;\" xml:space=\"preserve\">\n<g>\n\t<path d=\"M586.923,256.013c-7.959-8.24-16.655-13.074-24.53-15.916c10.798-62.807,8.812-97.901-246.643-178.322\n\t\tC55.771-20.07,26.688,13.85,5.274,81.869L1.622,93.471c-5.794,18.406,4.43,38.025,22.836,43.82l83.405,26.257\n\t\tc18.407,5.794,38.025-4.43,43.82-22.836l3.652-11.602c16.587-52.69,97.773-28.905,143.76-14.428\n\t\tc45.986,14.477,126.155,41.49,109.568,94.18l-3.653,11.601c-5.794,18.406,4.43,38.025,22.836,43.82l83.405,26.257\n\t\tc18.406,5.795,38.025-4.429,43.82-22.835l2.369-8.038c4.933,2.036,10.229,5.149,15.123,10.215\n\t\tc17.553,18.182,23.378,53.308,16.842,101.589c-11.335,83.657-44.21,113.537-79.221,123.481v-14.553\n\t\tc0-14.775-3.693-29.4-11.181-42.179c-34.94-59.797-84.556-112.856-147.598-159.626v-35.34c0-2.745-2.246-4.992-4.991-4.992h-51.862\n\t\tc-2.795,0-4.992,2.247-4.992,4.992v35.139h-59.199v-35.139c0-2.745-2.246-4.992-4.992-4.992H173.46\n\t\tc-2.746,0-4.992,2.247-4.992,4.992v35.139C105.326,325.264,55.661,378.322,20.67,438.22C13.183,450.998,9.49,465.623,9.49,480.397\n\t\tv32.894c0,46.87,37.985,84.855,84.854,84.855h330.984c46.136,0,83.581-36.824,84.745-82.679\n\t\tc56.115-13.143,87.95-58.928,99.111-141.316C616.681,318.816,609.189,279.069,586.923,256.013z M346.544,481.271l-33.304-11.858\n\t\tc3.533-7.12,5.57-15.115,5.57-23.606c0-29.35-23.809-53.159-53.208-53.159c-29.35,0-53.209,23.81-53.209,53.159\n\t\tc0,29.4,23.859,53.21,53.209,53.21c10.87,0,20.965-3.271,29.386-8.859l18.266,30.026c-13.76,8.835-30.087,14.022-47.652,14.022\n\t\tc-48.817,0-88.349-39.582-88.349-88.398c0-48.767,39.533-88.349,88.349-88.349c48.816,0,88.399,39.583,88.399,88.349\n\t\tC354.001,458.429,351.311,470.408,346.544,481.271z\"\/>\n<\/g>\n<g>\n<\/g>\n<g>\n<\/g>\n<g>\n<\/g>\n<g>\n<\/g>\n<g>\n<\/g>\n<g>\n<\/g>\n<g>\n<\/g>\n<g>\n<\/g>\n<g>\n<\/g>\n<g>\n<\/g>\n<g>\n<\/g>\n<g>\n<\/g>\n<g>\n<\/g>\n<g>\n<\/g>\n<g>\n<\/g>\n<\/svg>\n\t\t\t\t\t<\/div>\n\t\t\t\t<\/div>\n\t\t\t<\/div>\n\t\t\t\t<div class=\"icon-box-text last-reset\">\n\t\t\t\t\t\t\t\t\t\n<p>0345 428 668<\/p>\n\t\t<\/div>\n\t<\/div>\n\t<\/a>\n\t\n\n\t<a class=\"plain\" href=\"mailto:gal.attorneys@gmail.com\" >\t<div class=\"icon-box featured-box icon-box-left text-left\"  >\n\t\t\t\t\t<div class=\"icon-box-img\" style=\"width: 20px\">\n\t\t\t\t<div class=\"icon\">\n\t\t\t\t\t<div class=\"icon-inner\" >\n\t\t\t\t\t\t<?xml version=\"1.0\" encoding=\"iso-8859-1\"?>\n<!-- Generator: Adobe Illustrator 16.0.0, SVG Export Plug-In . SVG Version: 6.00 Build 0)  -->\n<!DOCTYPE svg PUBLIC \"-\/\/W3C\/\/DTD SVG 1.1\/\/EN\" \"http:\/\/www.w3.org\/Graphics\/SVG\/1.1\/DTD\/svg11.dtd\">\n<svg version=\"1.1\" id=\"Capa_1\" xmlns=\"http:\/\/www.w3.org\/2000\/svg\" xmlns:xlink=\"http:\/\/www.w3.org\/1999\/xlink\" x=\"0px\" y=\"0px\"\n\t width=\"308.728px\" height=\"308.728px\" viewBox=\"0 0 308.728 308.728\" style=\"enable-background:new 0 0 308.728 308.728;\"\n\t xml:space=\"preserve\">\n<g>\n\t<g>\n\t\t<path d=\"M153.188,27.208c-37.562,1.134-130,55.057-144.495,63.65l-7.981,32.664l40.236,28.809l-7.733-27.01l189.62-54.288\n\t\t\tl26.895,93.949l58.098-41.331l-10.004-32.698C283.848,82.656,190.877,28.342,153.188,27.208z\"\/>\n\t\t<polygon points=\"308.728,281.52 308.728,195.199 308.728,160.289 308.728,136.255 306.809,137.621 252.882,175.988 \n\t\t\t222.101,197.888 226.557,202.27 231.942,207.581 237.326,212.886 243.833,219.288 307.02,281.52 \t\t\"\/>\n\t\t<polygon points=\"0,137.415 0,150.224 0,281.52 1.479,281.52 60.832,221.766 66.667,215.892 72.127,210.391 77.588,204.891 \n\t\t\t85.158,197.271 45.731,169.042 8.147,142.135 0,136.299 \t\t\"\/>\n\t\t<path d=\"M231.905,222.705l-9.692-9.545l-5.39-5.311l-5.39-5.31l-1.382-1.366l-5.489-5.4l-0.954-0.938\n\t\t\tc-1.599-1.576-3.27-3.053-4.989-4.461c-12.777-10.457-28.655-16.158-45.399-16.158c-16.767,0-32.616,5.69-45.394,16.137\n\t\t\tc-1.938,1.582-3.813,3.265-5.598,5.058l-0.334,0.338l-5.363,5.399l-3.452,3.48l-5.458,5.495l-5.46,5.495l-17.921,18.046\n\t\t\tl-47.276,47.593h274.396L231.905,222.705z\"\/>\n\t<\/g>\n<\/g>\n<g>\n<\/g>\n<g>\n<\/g>\n<g>\n<\/g>\n<g>\n<\/g>\n<g>\n<\/g>\n<g>\n<\/g>\n<g>\n<\/g>\n<g>\n<\/g>\n<g>\n<\/g>\n<g>\n<\/g>\n<g>\n<\/g>\n<g>\n<\/g>\n<g>\n<\/g>\n<g>\n<\/g>\n<g>\n<\/g>\n<\/svg>\n\t\t\t\t\t<\/div>\n\t\t\t\t<\/div>\n\t\t\t<\/div>\n\t\t\t\t<div class=\"icon-box-text last-reset\">\n\t\t\t\t\t\t\t\t\t\n<p>gal.attorneys@gmail.com<\/p>\n\t\t<\/div>\n\t<\/div>\n\t<\/a>\n\t\n\n\t<a class=\"plain\" href=\"https:\/\/www.facebook.com\/gal.attorneys\" >\t<div class=\"icon-box featured-box icon-box-left text-left\"  >\n\t\t\t\t\t<div class=\"icon-box-img\" style=\"width: 20px\">\n\t\t\t\t<div class=\"icon\">\n\t\t\t\t\t<div class=\"icon-inner\" >\n\t\t\t\t\t\t<?xml version=\"1.0\"?><svg xmlns=\"http:\/\/www.w3.org\/2000\/svg\"  viewBox=\"0 0 30 30\" width=\"60px\" height=\"60px\">    <path d=\"M15,3C8.373,3,3,8.373,3,15c0,6.016,4.432,10.984,10.206,11.852V18.18h-2.969v-3.154h2.969v-2.099c0-3.475,1.693-5,4.581-5 c1.383,0,2.115,0.103,2.461,0.149v2.753h-1.97c-1.226,0-1.654,1.163-1.654,2.473v1.724h3.593L19.73,18.18h-3.106v8.697 C22.481,26.083,27,21.075,27,15C27,8.373,21.627,3,15,3z\"\/><\/svg>\t\t\t\t\t<\/div>\n\t\t\t\t<\/div>\n\t\t\t<\/div>\n\t\t\t\t<div class=\"icon-box-text last-reset\">\n\t\t\t\t\t\t\t\t\t\n<p>LU\u1eacT GIANG ANH<\/p>\n\t\t<\/div>\n\t<\/div>\n\t<\/a>\n\t\n\t<div id=\"gap-323843629\" class=\"gap-element clearfix\" style=\"display:block; height:auto;\">\n\t\t\n<style>\n#gap-323843629 {\n  padding-top: 20px;\n}\n<\/style>\n\t<\/div>\n\t\n<h3><b>Theo d\u00f5i<\/b><\/h3>\n<div class=\"social-icons follow-icons\" ><a href=\"https:\/\/www.facebook.com\/gal.attorneys\" target=\"_blank\" rel=\"noopener noreferrer nofollow\" data-label=\"Facebook\" class=\"icon plain facebook tooltip\" title=\"Follow on Facebook\" aria-label=\"Follow on Facebook\" ><i class=\"icon-facebook\" ><\/i><\/a><a href=\"#\" data-label=\"Twitter\" target=\"_blank\" rel=\"noopener noreferrer nofollow\" class=\"icon plain twitter tooltip\" title=\"Follow on Twitter\" aria-label=\"Follow on Twitter\" ><i class=\"icon-twitter\" ><\/i><\/a><a href=\"#\" data-label=\"Pinterest\" target=\"_blank\" rel=\"noopener noreferrer nofollow\" class=\"icon plain pinterest tooltip\" title=\"Follow on Pinterest\" aria-label=\"Follow on Pinterest\" ><i class=\"icon-pinterest\" ><\/i><\/a><a href=\"#\" data-label=\"LinkedIn\" target=\"_blank\" rel=\"noopener noreferrer nofollow\" class=\"icon plain linkedin tooltip\" title=\"Follow on LinkedIn\" aria-label=\"Follow on LinkedIn\" ><i class=\"icon-linkedin\" ><\/i><\/a><\/div>\n\t\t<\/div>\n\t\t\t\t\t<\/div>\n\n\t\n<\/div>\n\t\t<\/div>\n\n\t\t\n<style>\n#section_1816562160 {\n  padding-top: 0px;\n  padding-bottom: 0px;\n}\n<\/style>\n\t<\/section>\n\t\n","protected":false},"excerpt":{"rendered":"","protected":false},"author":2,"featured_media":0,"parent":0,"menu_order":0,"comment_status":"closed","ping_status":"closed","template":"page-blank.php","meta":{"footnotes":""},"class_list":["post-1260","page","type-page","status-publish","hentry"],"yoast_head":"<!-- This site is optimized with the Yoast SEO plugin v21.8 - https:\/\/yoast.com\/wordpress\/plugins\/seo\/ -->\n<title>Li\u00ean h\u1ec7 - Lu\u1eadt Giang Anh<\/title>\n<meta name=\"robots\" content=\"index, follow, max-snippet:-1, max-image-preview:large, max-video-preview:-1\" \/>\n<link rel=\"canonical\" href=\"https:\/\/gianganhlaw.com\/en\/lien-he\/\" \/>\n<meta property=\"og:locale\" content=\"en_US\" \/>\n<meta property=\"og:type\" content=\"article\" \/>\n<meta property=\"og:title\" content=\"Li\u00ean h\u1ec7 - Lu\u1eadt Giang Anh\" \/>\n<meta property=\"og:url\" content=\"https:\/\/gianganhlaw.com\/en\/lien-he\/\" \/>\n<meta property=\"og:site_name\" content=\"Lu\u1eadt Giang Anh\" \/>\n<meta property=\"article:modified_time\" content=\"2024-01-10T07:23:23+00:00\" \/>\n<meta property=\"og:image\" content=\"https:\/\/gianganhlaw.com\/wp-content\/uploads\/2023\/01\/111.jpg\" \/>\n\t<meta property=\"og:image:width\" content=\"1600\" \/>\n\t<meta property=\"og:image:height\" content=\"900\" \/>\n\t<meta property=\"og:image:type\" content=\"image\/jpeg\" \/>\n<meta name=\"twitter:card\" content=\"summary_large_image\" \/>\n<meta name=\"twitter:label1\" content=\"Est. reading time\" \/>\n\t<meta name=\"twitter:data1\" content=\"1 minute\" \/>\n<script type=\"application\/ld+json\" class=\"yoast-schema-graph\">{\"@context\":\"https:\/\/schema.org\",\"@graph\":[{\"@type\":\"WebPage\",\"@id\":\"https:\/\/gianganhlaw.com\/en\/lien-he\/\",\"url\":\"https:\/\/gianganhlaw.com\/en\/lien-he\/\",\"name\":\"Li\u00ean h\u1ec7 - Lu\u1eadt Giang Anh\",\"isPartOf\":{\"@id\":\"https:\/\/gianganhlaw.com\/#website\"},\"datePublished\":\"2017-10-11T10:02:28+00:00\",\"dateModified\":\"2024-01-10T07:23:23+00:00\",\"breadcrumb\":{\"@id\":\"https:\/\/gianganhlaw.com\/en\/lien-he\/#breadcrumb\"},\"inLanguage\":\"en-US\",\"potentialAction\":[{\"@type\":\"ReadAction\",\"target\":[\"https:\/\/gianganhlaw.com\/en\/lien-he\/\"]}]},{\"@type\":\"BreadcrumbList\",\"@id\":\"https:\/\/gianganhlaw.com\/en\/lien-he\/#breadcrumb\",\"itemListElement\":[{\"@type\":\"ListItem\",\"position\":1,\"name\":\"Home\",\"item\":\"https:\/\/gianganhlaw.com\/en\/\"},{\"@type\":\"ListItem\",\"position\":2,\"name\":\"Li\u00ean h\u1ec7\"}]},{\"@type\":\"WebSite\",\"@id\":\"https:\/\/gianganhlaw.com\/#website\",\"url\":\"https:\/\/gianganhlaw.com\/\",\"name\":\"Lu\u1eadt Giang Anh\",\"description\":\"\",\"potentialAction\":[{\"@type\":\"SearchAction\",\"target\":{\"@type\":\"EntryPoint\",\"urlTemplate\":\"https:\/\/gianganhlaw.com\/?s={search_term_string}\"},\"query-input\":\"required name=search_term_string\"}],\"inLanguage\":\"en-US\"}]}<\/script>\n<!-- \/ Yoast SEO plugin. -->","yoast_head_json":{"title":"Li\u00ean h\u1ec7 - Lu\u1eadt Giang Anh","robots":{"index":"index","follow":"follow","max-snippet":"max-snippet:-1","max-image-preview":"max-image-preview:large","max-video-preview":"max-video-preview:-1"},"canonical":"https:\/\/gianganhlaw.com\/en\/lien-he\/","og_locale":"en_US","og_type":"article","og_title":"Li\u00ean h\u1ec7 - Lu\u1eadt Giang Anh","og_url":"https:\/\/gianganhlaw.com\/en\/lien-he\/","og_site_name":"Lu\u1eadt Giang Anh","article_modified_time":"2024-01-10T07:23:23+00:00","og_image":[{"width":1600,"height":900,"url":"https:\/\/gianganhlaw.com\/wp-content\/uploads\/2023\/01\/111.jpg","type":"image\/jpeg"}],"twitter_card":"summary_large_image","twitter_misc":{"Est. reading time":"1 minute"},"schema":{"@context":"https:\/\/schema.org","@graph":[{"@type":"WebPage","@id":"https:\/\/gianganhlaw.com\/en\/lien-he\/","url":"https:\/\/gianganhlaw.com\/en\/lien-he\/","name":"Li\u00ean h\u1ec7 - Lu\u1eadt Giang Anh","isPartOf":{"@id":"https:\/\/gianganhlaw.com\/#website"},"datePublished":"2017-10-11T10:02:28+00:00","dateModified":"2024-01-10T07:23:23+00:00","breadcrumb":{"@id":"https:\/\/gianganhlaw.com\/en\/lien-he\/#breadcrumb"},"inLanguage":"en-US","potentialAction":[{"@type":"ReadAction","target":["https:\/\/gianganhlaw.com\/en\/lien-he\/"]}]},{"@type":"BreadcrumbList","@id":"https:\/\/gianganhlaw.com\/en\/lien-he\/#breadcrumb","itemListElement":[{"@type":"ListItem","position":1,"name":"Home","item":"https:\/\/gianganhlaw.com\/en\/"},{"@type":"ListItem","position":2,"name":"Li\u00ean h\u1ec7"}]},{"@type":"WebSite","@id":"https:\/\/gianganhlaw.com\/#website","url":"https:\/\/gianganhlaw.com\/","name":"Lu\u1eadt Giang Anh","description":"","potentialAction":[{"@type":"SearchAction","target":{"@type":"EntryPoint","urlTemplate":"https:\/\/gianganhlaw.com\/?s={search_term_string}"},"query-input":"required name=search_term_string"}],"inLanguage":"en-US"}]}},"_links":{"self":[{"href":"https:\/\/gianganhlaw.com\/en\/wp-json\/wp\/v2\/pages\/1260","targetHints":{"allow":["GET"]}}],"collection":[{"href":"https:\/\/gianganhlaw.com\/en\/wp-json\/wp\/v2\/pages"}],"about":[{"href":"https:\/\/gianganhlaw.com\/en\/wp-json\/wp\/v2\/types\/page"}],"author":[{"embeddable":true,"href":"https:\/\/gianganhlaw.com\/en\/wp-json\/wp\/v2\/users\/2"}],"replies":[{"embeddable":true,"href":"https:\/\/gianganhlaw.com\/en\/wp-json\/wp\/v2\/comments?post=1260"}],"version-history":[{"count":6,"href":"https:\/\/gianganhlaw.com\/en\/wp-json\/wp\/v2\/pages\/1260\/revisions"}],"predecessor-version":[{"id":2760,"href":"https:\/\/gianganhlaw.com\/en\/wp-json\/wp\/v2\/pages\/1260\/revisions\/2760"}],"wp:attachment":[{"href":"https:\/\/gianganhlaw.com\/en\/wp-json\/wp\/v2\/media?parent=1260"}],"curies":[{"name":"wp","href":"https:\/\/api.w.org\/{rel}","templated":true}]}}