{"id":1261,"date":"2017-10-11T17:02:14","date_gmt":"2017-10-11T10:02:14","guid":{"rendered":"http:\/\/hanoiattorneys.com\/gioi-thieu\/"},"modified":"2024-01-10T14:23:23","modified_gmt":"2024-01-10T07:23:23","slug":"gioi-thieu","status":"publish","type":"page","link":"https:\/\/gianganhlaw.com\/en\/gioi-thieu\/","title":{"rendered":"Gi\u1edbi Thi\u1ec7u"},"content":{"rendered":"  <div id=\"page-header-1875388399\" class=\"page-header-wrapper\">\n  <div class=\"page-title dark featured-title\">\n\n        <div class=\"page-title-bg\">\n      <div class=\"title-bg fill bg-fill\"\n        data-parallax-container=\".page-title\"\n        data-parallax-background\n        data-parallax=\"-\">\n      <\/div>\n      <div class=\"title-overlay fill\"><\/div>\n    <\/div>\n    \n    <div class=\"page-title-inner container align-center text-center flex-row-col medium-flex-wrap\" >\n              <div class=\"title-wrapper uppercase flex-col\">\n          <h1 class=\"entry-title mb-0\">\n            Gi\u1edbi Thi\u1ec7u          <\/h1>\n        <\/div>\n                    <div class=\"title-content flex-col\">\n        <div class=\"title-breadcrumbs pb-half pt-half\"><\/div>      <\/div>\n    <\/div>\n\n     \n<style>\n#page-header-1875388399 .page-title-inner {\n  min-height: 180px;\n}\n#page-header-1875388399 .title-bg {\n  background-image: url(https:\/\/gianganhlaw.com\/wp-content\/uploads\/2019\/04\/page-title-background.jpg);\n}\n#page-header-1875388399 .title-overlay {\n  background-color: rgba(0, 0, 0, 0.3);\n}\n<\/style>\n  <\/div>\n    <\/div>\n  \n\t<section class=\"section sec_page_about\" id=\"section_664707942\">\n\t\t<div class=\"bg section-bg fill bg-fill bg-loaded bg-loaded\" >\n\n\t\t\t\n\t\t\t\n\t\t\t\n\n\t\t<\/div>\n\n\t\t\n\n\t\t<div class=\"section-content relative\">\n\t\t\t\n<div class=\"row row-collapse row-full-width\"  id=\"row-26884412\">\n\n\t<div id=\"col-2055328028\" class=\"col col-left medium-12 small-12 large-5\"  data-animate=\"fadeInLeft\">\n\t\t\t\t<div class=\"col-inner\"  >\n\t\t\t\n\t\t\t\n\n\t\t<div class=\"icon-box featured-box icon-box-left text-left\"  >\n\t\t\t\t\t<div class=\"icon-box-img\" style=\"width: 40px\">\n\t\t\t\t<div class=\"icon\">\n\t\t\t\t\t<div class=\"icon-inner\" style=\"color:rgb(255, 255, 255);\">\n\t\t\t\t\t\t<?xml version=\"1.0\" encoding=\"iso-8859-1\"?>\n<!-- Generator: Adobe Illustrator 16.0.0, SVG Export Plug-In . SVG Version: 6.00 Build 0)  -->\n<!DOCTYPE svg PUBLIC \"-\/\/W3C\/\/DTD SVG 1.1\/\/EN\" \"http:\/\/www.w3.org\/Graphics\/SVG\/1.1\/DTD\/svg11.dtd\">\n<svg version=\"1.1\" id=\"Capa_1\" xmlns=\"http:\/\/www.w3.org\/2000\/svg\" xmlns:xlink=\"http:\/\/www.w3.org\/1999\/xlink\" x=\"0px\" y=\"0px\"\n\t width=\"475.452px\" height=\"475.451px\" viewBox=\"0 0 475.452 475.451\" style=\"enable-background:new 0 0 475.452 475.451;\"\n\t xml:space=\"preserve\">\n<g>\n\t<path d=\"M468.083,118.385c-3.99-5.33-9.61-9.419-16.854-12.275c0.387,6.665-0.086,12.09-1.42,16.281l-85.65,281.789\n\t\tc-1.526,4.948-4.859,8.897-9.992,11.848c-5.141,2.953-10.469,4.428-15.989,4.428H74.66c-22.84,0-36.542-6.652-41.112-19.985\n\t\tc-1.903-5.14-1.807-9.229,0.288-12.275c2.092-2.857,5.708-4.288,10.85-4.288h248.102c17.702,0,29.93-3.285,36.688-9.852\n\t\tc6.763-6.567,13.565-21.177,20.413-43.824l78.228-258.669c4.186-14.084,2.474-26.457-5.141-37.113s-18.462-15.987-32.548-15.987\n\t\tH173.163c-2.474,0-7.329,0.854-14.562,2.568l0.284-0.859c-5.33-1.14-9.851-1.662-13.562-1.571\n\t\tc-3.71,0.099-7.137,1.192-10.277,3.289c-3.14,2.094-5.664,4.328-7.566,6.706c-1.903,2.38-3.761,5.426-5.568,9.136\n\t\tc-1.805,3.715-3.33,7.142-4.567,10.282c-1.237,3.14-2.666,6.473-4.281,9.998c-1.62,3.521-3.186,6.423-4.71,8.706\n\t\tc-1.143,1.523-2.758,3.521-4.854,5.996c-2.091,2.474-3.805,4.664-5.137,6.567c-1.331,1.903-2.19,3.616-2.568,5.14\n\t\tc-0.378,1.711-0.19,4.233,0.571,7.566c0.76,3.328,1.047,5.753,0.854,7.277c-0.76,7.232-3.378,16.414-7.849,27.552\n\t\tc-4.471,11.136-8.52,19.18-12.135,24.126c-0.761,0.95-2.853,3.092-6.28,6.424c-3.427,3.33-5.52,6.23-6.279,8.704\n\t\tc-0.762,0.951-0.81,3.617-0.144,7.994c0.666,4.38,0.907,7.423,0.715,9.136c-0.765,6.473-3.14,15.037-7.139,25.697\n\t\tc-3.999,10.657-7.994,19.414-11.993,26.265c-0.569,1.141-2.185,3.328-4.853,6.567c-2.662,3.237-4.283,5.902-4.853,7.99\n\t\tc-0.38,1.523-0.33,4.188,0.144,7.994c0.473,3.806,0.426,6.66-0.144,8.562c-1.521,7.228-4.377,15.94-8.565,26.125\n\t\tc-4.187,10.178-8.47,18.896-12.851,26.121c-1.138,1.906-2.712,4.145-4.708,6.711c-1.999,2.566-3.568,4.805-4.711,6.707\n\t\tc-1.141,1.903-1.903,3.901-2.284,5.996c-0.19,1.143,0.098,2.998,0.859,5.571c0.76,2.566,1.047,4.612,0.854,6.14\n\t\tc-0.192,2.662-0.57,6.187-1.141,10.567c-0.572,4.373-0.859,6.939-0.859,7.699c-4.187,11.424-3.999,23.511,0.572,36.269\n\t\tc5.33,14.838,14.797,27.36,28.406,37.541c13.61,10.185,27.74,15.27,42.398,15.27h263.521c12.367,0,24.026-4.141,34.971-12.416\n\t\tc10.944-8.281,18.227-18.507,21.837-30.696l78.511-258.662C477.412,141.51,475.701,129.234,468.083,118.385z M164.31,118.956\n\t\tl5.997-18.274c0.76-2.474,2.329-4.615,4.709-6.423c2.38-1.805,4.808-2.712,7.282-2.712h173.589c2.663,0,4.565,0.903,5.708,2.712\n\t\tc1.14,1.809,1.335,3.949,0.575,6.423l-6.002,18.274c-0.764,2.475-2.327,4.611-4.713,6.424c-2.382,1.805-4.805,2.708-7.278,2.708\n\t\tH170.593c-2.666,0-4.568-0.9-5.711-2.708C163.74,123.567,163.55,121.431,164.31,118.956z M140.615,192.045l5.996-18.271\n\t\tc0.76-2.474,2.331-4.615,4.709-6.423c2.38-1.809,4.805-2.712,7.282-2.712h173.583c2.666,0,4.572,0.9,5.712,2.712\n\t\tc1.14,1.809,1.331,3.949,0.568,6.423l-5.996,18.271c-0.759,2.474-2.33,4.617-4.708,6.423c-2.383,1.809-4.805,2.712-7.283,2.712\n\t\tH146.895c-2.664,0-4.567-0.9-5.708-2.712C140.043,196.662,139.854,194.519,140.615,192.045z\"\/>\n<\/g>\n<g>\n<\/g>\n<g>\n<\/g>\n<g>\n<\/g>\n<g>\n<\/g>\n<g>\n<\/g>\n<g>\n<\/g>\n<g>\n<\/g>\n<g>\n<\/g>\n<g>\n<\/g>\n<g>\n<\/g>\n<g>\n<\/g>\n<g>\n<\/g>\n<g>\n<\/g>\n<g>\n<\/g>\n<g>\n<\/g>\n<\/svg>\n\t\t\t\t\t<\/div>\n\t\t\t\t<\/div>\n\t\t\t<\/div>\n\t\t\t\t<div class=\"icon-box-text last-reset\">\n\t\t\t\t\t\t\t\t\t\n<h3>Ch\u00fang t\u00f4i l\u00e0 c\u00f4ng ty cung c\u1ea5p \u0111\u1ea7y \u0111\u1ee7 c\u00e1c d\u1ecbch v\u1ee5 ph\u00e1p l\u00fd v\u00e0 c\u00f3 tr\u1ee5 s\u1edf t\u1ea1i H\u00e0 N\u1ed9i<\/h3>\n\t\t<\/div>\n\t<\/div>\n\t\n\t\n\t<div id=\"gap-1748108119\" class=\"gap-element clearfix\" style=\"display:block; height:auto;\">\n\t\t\n<style>\n#gap-1748108119 {\n  padding-top: 10px;\n}\n<\/style>\n\t<\/div>\n\t\n<p>&nbsp;<\/p>\n\t\t<\/div>\n\t\t\t\t\t<\/div>\n\n\t\n\n\t<div id=\"col-1568487549\" class=\"col col-right medium-12 small-12 large-7\"  data-animate=\"bounceIn\">\n\t\t\t\t<div class=\"col-inner\"  >\n\t\t\t\n\t\t\t\n\n  <div class=\"banner has-hover\" id=\"banner-501070372\">\n          <div class=\"banner-inner fill\">\n        <div class=\"banner-bg fill\" >\n            <div class=\"bg fill bg-fill bg-loaded\"><\/div>\n                                    \n                    <\/div>\n\t\t\n        <div class=\"banner-layers container\">\n            <div class=\"fill banner-link\"><\/div>            \n   <div id=\"text-box-1296486829\" class=\"text-box banner-layer x50 md-x50 lg-x50 y50 md-y50 lg-y50 res-text\">\n                                <div class=\"text-box-content text dark\">\n              \n              <div class=\"text-inner text-left\">\n                  \n              <\/div>\n           <\/div>\n                            \n<style>\n#text-box-1296486829 {\n  width: 90%;\n}\n#text-box-1296486829 .text-box-content {\n  font-size: 100%;\n}\n<\/style>\n    <\/div>\n \n\t<div id=\"text-3994535351\" class=\"text\">\n\t\t\n<p style=\"text-align: justify;\"><span style=\"font-size: 95%;\">Giang Anh Law (GAL) c\u00f3 tr\u1ee5 s\u1edf ho\u1ea1t \u0111\u1ed9ng t\u1ea1i H\u00e0 N\u1ed9i nh\u01b0ng ch\u00fang t\u00f4i cung c\u1ea5p d\u1ecbch v\u1ee5 ph\u00e1p l\u00fd tr\u00ean ph\u1ea1m vi to\u00e0n qu\u1ed1c.<br \/>V\u1edbi c\u00e1c d\u1ecbch v\u1ee5 do GAL cung c\u1ea5p, b\u1ea1n ho\u00e0n to\u00e0n c\u00f3 th\u1ec3 y\u00ean t\u00e2m v\u1ec1 t\u00ednh ph\u00e1p l\u00fd v\u00e0 \u0111\u1ed9 tin c\u1eady, ch\u1eafc ch\u1eafn.<br \/>Trong b\u1ea5t c\u1ee9 tr\u01b0\u1eddng h\u1ee3p n\u00e0o, GAL s\u1ebd lu\u00f4n \u0111\u1ed3ng h\u00e0nh, gi\u00fap b\u1ea1n <strong>C\u1ee7ng c\u1ed1 v\u1ecb th\u1ebf. N\u00e2ng cao gi\u00e1 tr\u1ecb<\/strong><\/span><\/p>\n\t\t\n<style>\n#text-3994535351 {\n  font-size: 1.8rem;\n  line-height: 2.25;\n}\n<\/style>\n\t<\/div>\n\t\n        <\/div>\n      <\/div>\n\n            \n<style>\n#banner-501070372 {\n  padding-top: 250px;\n}\n#banner-501070372 .bg.bg-loaded {\n  background-image: url(https:\/\/gianganhlaw.com\/wp-content\/uploads\/2019\/04\/bg-service-half.jpg);\n}\n<\/style>\n  <\/div>\n\n\n\t\t<\/div>\n\t\t\t\t\t<\/div>\n\n\t\n<\/div>\n\t\t<\/div>\n\n\t\t\n<style>\n#section_664707942 {\n  padding-top: 0px;\n  padding-bottom: 0px;\n  background-color: rgb(0, 101, 171);\n}\n<\/style>\n\t<\/section>\n\t\n\t<section class=\"section\" id=\"section_1478764505\">\n\t\t<div class=\"bg section-bg fill bg-fill bg-loaded bg-loaded\" >\n\n\t\t\t\n\t\t\t\n\t\t\t\n\n\t\t<\/div>\n\n\t\t\n\n\t\t<div class=\"section-content relative\">\n\t\t\t\n\t<div id=\"gap-1308241929\" class=\"gap-element clearfix\" style=\"display:block; height:auto;\">\n\t\t\n<style>\n#gap-1308241929 {\n  padding-top: 30px;\n}\n<\/style>\n\t<\/div>\n\t\n<div class=\"row\"  id=\"row-660039249\">\n\n\t<div id=\"col-2049483027\" class=\"col medium-4 small-12 large-4\"  data-animate=\"fadeInDown\">\n\t\t\t\t<div class=\"col-inner\"  >\n\t\t\t\n\t\t\t\n\n\t<a class=\"plain\" href=\"http:\/\/hanoiattorneys.com\/gioi-thieu\/cong-ty\/\" >\t<div class=\"icon-box featured-box icon-box-center text-center\"  >\n\t\t\t\t\t<div class=\"icon-box-img\" style=\"width: 100px\">\n\t\t\t\t<div class=\"icon\">\n\t\t\t\t\t<div class=\"icon-inner\" >\n\t\t\t\t\t\t<img loading=\"lazy\" decoding=\"async\" width=\"300\" height=\"300\" src=\"https:\/\/gianganhlaw.com\/wp-content\/uploads\/2023\/01\/introduce-300x300.png\" class=\"attachment-medium size-medium\" alt=\"\" srcset=\"https:\/\/gianganhlaw.com\/wp-content\/uploads\/2023\/01\/introduce-300x300.png 300w, https:\/\/gianganhlaw.com\/wp-content\/uploads\/2023\/01\/introduce-150x150.png 150w, https:\/\/gianganhlaw.com\/wp-content\/uploads\/2023\/01\/introduce.png 512w\" sizes=\"auto, (max-width: 300px) 100vw, 300px\" \/>\t\t\t\t\t<\/div>\n\t\t\t\t<\/div>\n\t\t\t<\/div>\n\t\t\t\t<div class=\"icon-box-text last-reset\">\n\t\t\t\t\t\t\t\t\t\n<h3>Gi\u1edbi Thi\u1ec7u Chung<\/h3>\n<p>H\u00e3y \u0111\u1ec3 kinh nghi\u1ec7m c\u1ee7a ch\u00fang t\u00f4i tr\u1edf th\u00e0nh \u0111\u1ecbnh h\u01b0\u1edbng cho h\u00e0nh \u0111\u1ed9ng ph\u00e1p l\u00fd c\u1ee7a b\u1ea1n<\/p>\n\t\t<\/div>\n\t<\/div>\n\t<\/a>\n\t\n\t\t<\/div>\n\t\t\t\t\t<\/div>\n\n\t\n\n\t<div id=\"col-1263060951\" class=\"col medium-4 small-12 large-4\"  data-animate=\"fadeInDown\">\n\t\t\t\t<div class=\"col-inner\"  >\n\t\t\t\n\t\t\t\n\n\t<a class=\"plain\" href=\"http:\/\/hanoiattorneys.com\/gioi-thieu\/nhan-su\/\" >\t<div class=\"icon-box featured-box icon-box-center text-center\"  >\n\t\t\t\t\t<div class=\"icon-box-img\" style=\"width: 100px\">\n\t\t\t\t<div class=\"icon\">\n\t\t\t\t\t<div class=\"icon-inner\" >\n\t\t\t\t\t\t<img loading=\"lazy\" decoding=\"async\" width=\"300\" height=\"300\" src=\"https:\/\/gianganhlaw.com\/wp-content\/uploads\/2023\/01\/people-300x300.png\" class=\"attachment-medium size-medium\" alt=\"\" srcset=\"https:\/\/gianganhlaw.com\/wp-content\/uploads\/2023\/01\/people-300x300.png 300w, https:\/\/gianganhlaw.com\/wp-content\/uploads\/2023\/01\/people-150x150.png 150w, https:\/\/gianganhlaw.com\/wp-content\/uploads\/2023\/01\/people.png 512w\" sizes=\"auto, (max-width: 300px) 100vw, 300px\" \/>\t\t\t\t\t<\/div>\n\t\t\t\t<\/div>\n\t\t\t<\/div>\n\t\t\t\t<div class=\"icon-box-text last-reset\">\n\t\t\t\t\t\t\t\t\t\n<h3>\u0110\u1ed9i Ng\u0169<\/h3>\n<p>H\u00e3y \u0111\u1ec3 kinh nghi\u1ec7m c\u1ee7a ch\u00fang t\u00f4i tr\u1edf th\u00e0nh \u0111\u1ecbnh h\u01b0\u1edbng cho h\u00e0nh \u0111\u1ed9ng ph\u00e1p l\u00fd c\u1ee7a b\u1ea1n<\/p>\n\t\t<\/div>\n\t<\/div>\n\t<\/a>\n\t\n\t\t<\/div>\n\t\t\t\t\t<\/div>\n\n\t\n\n\t<div id=\"col-1306502806\" class=\"col medium-4 small-12 large-4\"  data-animate=\"fadeInDown\">\n\t\t\t\t<div class=\"col-inner\"  >\n\t\t\t\n\t\t\t\n\n\t<a class=\"plain\" href=\"http:\/\/hanoiattorneys.com\/gioi-thieu\/dich-vu\/\" >\t<div class=\"icon-box featured-box icon-box-center text-center\"  >\n\t\t\t\t\t<div class=\"icon-box-img\" style=\"width: 100px\">\n\t\t\t\t<div class=\"icon\">\n\t\t\t\t\t<div class=\"icon-inner\" >\n\t\t\t\t\t\t<img loading=\"lazy\" decoding=\"async\" width=\"300\" height=\"300\" src=\"https:\/\/gianganhlaw.com\/wp-content\/uploads\/2023\/01\/headphones-300x300.png\" class=\"attachment-medium size-medium\" alt=\"\" srcset=\"https:\/\/gianganhlaw.com\/wp-content\/uploads\/2023\/01\/headphones-300x300.png 300w, https:\/\/gianganhlaw.com\/wp-content\/uploads\/2023\/01\/headphones-150x150.png 150w, https:\/\/gianganhlaw.com\/wp-content\/uploads\/2023\/01\/headphones.png 512w\" sizes=\"auto, (max-width: 300px) 100vw, 300px\" \/>\t\t\t\t\t<\/div>\n\t\t\t\t<\/div>\n\t\t\t<\/div>\n\t\t\t\t<div class=\"icon-box-text last-reset\">\n\t\t\t\t\t\t\t\t\t\n<h3>D\u1ecbch V\u1ee5<\/h3>\n<p>H\u00e3y \u0111\u1ec3 kinh nghi\u1ec7m c\u1ee7a ch\u00fang t\u00f4i tr\u1edf th\u00e0nh \u0111\u1ecbnh h\u01b0\u1edbng cho h\u00e0nh \u0111\u1ed9ng ph\u00e1p l\u00fd c\u1ee7a b\u1ea1n<\/p>\n\t\t<\/div>\n\t<\/div>\n\t<\/a>\n\t\n\t\t<\/div>\n\t\t\t\t\t<\/div>\n\n\t\n<\/div>\n\t\t<\/div>\n\n\t\t\n<style>\n#section_1478764505 {\n  padding-top: 60px;\n  padding-bottom: 60px;\n}\n<\/style>\n\t<\/section>\n\t\n\t<section class=\"section sec_progress_bar dark\" id=\"section_1793769877\">\n\t\t<div class=\"bg section-bg fill bg-fill bg-loaded \" >\n\n\t\t\t\n\t\t\t\n\t\t\t\n\n\t\t<\/div>\n\n\t\t\n\n\t\t<div class=\"section-content relative\">\n\t\t\t\n\t<div id=\"gap-1298904612\" class=\"gap-element clearfix\" style=\"display:block; height:auto;\">\n\t\t\n<style>\n#gap-1298904612 {\n  padding-top: 60px;\n}\n<\/style>\n\t<\/div>\n\t\n<div class=\"row align-middle\"  id=\"row-531191765\">\n\n\t<div id=\"col-124886228\" class=\"col medium-6 small-12 large-6\"  data-animate=\"fadeInLeft\">\n\t\t\t\t<div class=\"col-inner\"  >\n\t\t\t\n\t\t\t\n<h1>T\u1ef7 l\u1ec7 th\u00e0nh c\u00f4ng<\/h1>\n<p>Th\u01b0\u1edbc \u0111\u00f3 v\u1ec1 t\u1ef7 l\u1ec7 th\u00e0nh c\u00f4ng c\u1ee7a GAL ho\u00e0n to\u00e0n kh\u00e1c bi\u1ec7t. Th\u00e0nh c\u00f4ng m\u00e0 GAL h\u01b0\u1edbng \u0111\u1ebfn l\u00e0 ni\u1ec1m tin v\u00e0 s\u1ef1 h\u00e0i l\u00f2ng c\u1ee7a m\u1ed7i m\u1ed9t kh\u00e1ch h\u00e0ng, m\u1ed7i v\u1ee5 vi\u1ec7c. Trong 100 kh\u00e1ch h\u00e0ng \u0111\u1ebfn v\u1edbi GAL, n\u1ebfu ch\u1ec9 c\u00f3 1 kh\u00e1ch h\u00e0ng ch\u01b0a h\u00e0i l\u00f2ng, \u0111i\u1ec1u \u0111\u00f3 th\u1ec3 hi\u1ec7n GAL v\u1eabn ch\u01b0a th\u00e0nh c\u00f4ng v\u00e0 nh\u1eafc GAL ph\u1ea3i c\u1ed1 g\u1eafng h\u01a1n n\u1eefa \u0111\u1ec3 ki\u1ec7n to\u00e0n t\u1ed5 ch\u1ee9c c\u00f9ng ch\u1ea5t l\u01b0\u1ee3ng d\u1ecbch v\u1ee5.<\/p>\n<a class=\"button primary lowercase\"  style=\"border-radius:5px;\">\n    <span>Xem th\u00eam<\/span>\n  <\/a>\n\n\t\t<\/div>\n\t\t\t\t\n<style>\n#col-124886228 > .col-inner {\n  margin: 0px 0px -20px 0px;\n}\n<\/style>\n\t<\/div>\n\n\t\n\n\t<div id=\"col-415432597\" class=\"col medium-6 small-12 large-6\"  >\n\t\t\t\t<div class=\"col-inner\"  >\n\t\t\t\n\t\t\t\n<pre><code><div class=\"skillbar\" data-percent=\"50%\"><div class=\"skillbar-title\" style=\"background: #0065AB;\"><em>Ng\u00e2n h\u00e0ng &amp; t\u00e0i ch\u00ednh <\/em><\/div><div class=\"skillbar-bar\" style=\"background: #0065AB;\"><\/div><div class=\"skillbar-percent\">50%<\/div><\/div>\n<div class=\"skillbar\" data-percent=\"60%\"><div class=\"skillbar-title\" style=\"background: #0065AB;\"><em>Lu\u1eadt doanh nghi\u1ec7p <\/em><\/div><div class=\"skillbar-bar\" style=\"background: #0065AB;\"><\/div><div class=\"skillbar-percent\">60%<\/div><\/div>\n<div class=\"skillbar\" data-percent=\"80%\"><div class=\"skillbar-title\" style=\"background: #0065AB;\"><em>H\u00f4n nh\u00e2n &amp; gia \u0111\u00ecnh <\/em><\/div><div class=\"skillbar-bar\" style=\"background: #0065AB;\"><\/div><div class=\"skillbar-percent\">80%<\/div><\/div>\n<div class=\"skillbar\" data-percent=\"90%\"><div class=\"skillbar-title\" style=\"background: #0065AB;\"><em>B\u1ea5t \u0111\u1ed9ng s\u1ea3n <\/em><\/div><div class=\"skillbar-bar\" style=\"background: #0065AB;\"><\/div><div class=\"skillbar-percent\">90%<\/div><\/div><\/code><\/pre>\n\t\t<\/div>\n\t\t\t\t\t<\/div>\n\n\t\n<\/div>\n\t<div id=\"gap-1631436919\" class=\"gap-element clearfix\" style=\"display:block; height:auto;\">\n\t\t\n<style>\n#gap-1631436919 {\n  padding-top: 30px;\n}\n<\/style>\n\t<\/div>\n\t\n\t\t<\/div>\n\n\t\t\n<style>\n#section_1793769877 {\n  padding-top: 0px;\n  padding-bottom: 0px;\n}\n#section_1793769877 .section-bg.bg-loaded {\n  background-image: url(https:\/\/gianganhlaw.com\/wp-content\/uploads\/2019\/04\/bg-homepage-service.jpg);\n}\n<\/style>\n\t<\/section>\n\t\n\t<section class=\"section sec_hotline width_1000\" id=\"section_1640169873\">\n\t\t<div class=\"bg section-bg fill bg-fill bg-loaded bg-loaded\" >\n\n\t\t\t\n\t\t\t\n\t\t\t\n\n\t\t<\/div>\n\n\t\t\n\n\t\t<div class=\"section-content relative\">\n\t\t\t\n<div class=\"row\"  id=\"row-946755402\">\n\n\t<div id=\"col-1599209787\" class=\"col small-12 large-12\"  data-animate=\"bounceIn\">\n\t\t\t\t<div class=\"col-inner text-center\"  >\n\t\t\t\n\t\t\t\n\t<div id=\"text-4038590180\" class=\"text hotline_text\">\n\t\t\n<h2>B\u1ea1n \u0111ang c\u00f3 v\u1ea5n \u0111\u1ec1 v\u1ec1 ph\u00e1p l\u00fd m\u00e0 kh\u00f4ng bi\u1ebft c\u00e1ch gi\u1ea3i quy\u1ebft ?<\/h2>\n<h3>H\u00e3y nh\u1ea5c m\u00e1y g\u1ecdi ngay cho ch\u00fang t\u00f4i theo s\u1ed1: <a style=\"display: inline-block;\" href=\"tel:0345428686\"><i class=\"icon-phone\"><\/i> (+84) 345 428 686<\/a><\/h3>\n\t\t\t<\/div>\n\t\n\t\t<\/div>\n\t\t\t\t\t<\/div>\n\n\t\n<\/div>\n\t\t<\/div>\n\n\t\t\n<style>\n#section_1640169873 {\n  padding-top: 60px;\n  padding-bottom: 60px;\n  background-color: rgb(248, 248, 248);\n}\n<\/style>\n\t<\/section>\n\t\n","protected":false},"excerpt":{"rendered":"","protected":false},"author":2,"featured_media":0,"parent":0,"menu_order":0,"comment_status":"closed","ping_status":"closed","template":"page-blank.php","meta":{"footnotes":""},"class_list":["post-1261","page","type-page","status-publish","hentry"],"yoast_head":"<!-- This site is optimized with the Yoast SEO plugin v21.8 - https:\/\/yoast.com\/wordpress\/plugins\/seo\/ -->\n<title>Gi\u1edbi Thi\u1ec7u - Lu\u1eadt Giang Anh<\/title>\n<meta name=\"robots\" content=\"index, follow, max-snippet:-1, max-image-preview:large, max-video-preview:-1\" \/>\n<link rel=\"canonical\" href=\"https:\/\/gianganhlaw.com\/en\/gioi-thieu\/\" \/>\n<meta property=\"og:locale\" content=\"en_US\" \/>\n<meta property=\"og:type\" content=\"article\" \/>\n<meta property=\"og:title\" content=\"Gi\u1edbi Thi\u1ec7u - Lu\u1eadt Giang Anh\" \/>\n<meta property=\"og:url\" content=\"https:\/\/gianganhlaw.com\/en\/gioi-thieu\/\" \/>\n<meta property=\"og:site_name\" content=\"Lu\u1eadt Giang Anh\" \/>\n<meta property=\"article:modified_time\" content=\"2024-01-10T07:23:23+00:00\" \/>\n<meta property=\"og:image\" content=\"https:\/\/gianganhlaw.com\/wp-content\/uploads\/2023\/01\/111.jpg\" \/>\n\t<meta property=\"og:image:width\" content=\"1600\" \/>\n\t<meta property=\"og:image:height\" content=\"900\" \/>\n\t<meta property=\"og:image:type\" content=\"image\/jpeg\" \/>\n<meta name=\"twitter:card\" content=\"summary_large_image\" \/>\n<meta name=\"twitter:label1\" content=\"Est. reading time\" \/>\n\t<meta name=\"twitter:data1\" content=\"3 minutes\" \/>\n<script type=\"application\/ld+json\" class=\"yoast-schema-graph\">{\"@context\":\"https:\/\/schema.org\",\"@graph\":[{\"@type\":\"WebPage\",\"@id\":\"https:\/\/gianganhlaw.com\/en\/gioi-thieu\/\",\"url\":\"https:\/\/gianganhlaw.com\/en\/gioi-thieu\/\",\"name\":\"Gi\u1edbi Thi\u1ec7u - Lu\u1eadt Giang Anh\",\"isPartOf\":{\"@id\":\"https:\/\/gianganhlaw.com\/#website\"},\"datePublished\":\"2017-10-11T10:02:14+00:00\",\"dateModified\":\"2024-01-10T07:23:23+00:00\",\"breadcrumb\":{\"@id\":\"https:\/\/gianganhlaw.com\/en\/gioi-thieu\/#breadcrumb\"},\"inLanguage\":\"en-US\",\"potentialAction\":[{\"@type\":\"ReadAction\",\"target\":[\"https:\/\/gianganhlaw.com\/en\/gioi-thieu\/\"]}]},{\"@type\":\"BreadcrumbList\",\"@id\":\"https:\/\/gianganhlaw.com\/en\/gioi-thieu\/#breadcrumb\",\"itemListElement\":[{\"@type\":\"ListItem\",\"position\":1,\"name\":\"Home\",\"item\":\"https:\/\/gianganhlaw.com\/en\/\"},{\"@type\":\"ListItem\",\"position\":2,\"name\":\"Gi\u1edbi Thi\u1ec7u\"}]},{\"@type\":\"WebSite\",\"@id\":\"https:\/\/gianganhlaw.com\/#website\",\"url\":\"https:\/\/gianganhlaw.com\/\",\"name\":\"Lu\u1eadt Giang Anh\",\"description\":\"\",\"potentialAction\":[{\"@type\":\"SearchAction\",\"target\":{\"@type\":\"EntryPoint\",\"urlTemplate\":\"https:\/\/gianganhlaw.com\/?s={search_term_string}\"},\"query-input\":\"required name=search_term_string\"}],\"inLanguage\":\"en-US\"}]}<\/script>\n<!-- \/ Yoast SEO plugin. -->","yoast_head_json":{"title":"Gi\u1edbi Thi\u1ec7u - Lu\u1eadt Giang Anh","robots":{"index":"index","follow":"follow","max-snippet":"max-snippet:-1","max-image-preview":"max-image-preview:large","max-video-preview":"max-video-preview:-1"},"canonical":"https:\/\/gianganhlaw.com\/en\/gioi-thieu\/","og_locale":"en_US","og_type":"article","og_title":"Gi\u1edbi Thi\u1ec7u - Lu\u1eadt Giang Anh","og_url":"https:\/\/gianganhlaw.com\/en\/gioi-thieu\/","og_site_name":"Lu\u1eadt Giang Anh","article_modified_time":"2024-01-10T07:23:23+00:00","og_image":[{"width":1600,"height":900,"url":"https:\/\/gianganhlaw.com\/wp-content\/uploads\/2023\/01\/111.jpg","type":"image\/jpeg"}],"twitter_card":"summary_large_image","twitter_misc":{"Est. reading time":"3 minutes"},"schema":{"@context":"https:\/\/schema.org","@graph":[{"@type":"WebPage","@id":"https:\/\/gianganhlaw.com\/en\/gioi-thieu\/","url":"https:\/\/gianganhlaw.com\/en\/gioi-thieu\/","name":"Gi\u1edbi Thi\u1ec7u - Lu\u1eadt Giang Anh","isPartOf":{"@id":"https:\/\/gianganhlaw.com\/#website"},"datePublished":"2017-10-11T10:02:14+00:00","dateModified":"2024-01-10T07:23:23+00:00","breadcrumb":{"@id":"https:\/\/gianganhlaw.com\/en\/gioi-thieu\/#breadcrumb"},"inLanguage":"en-US","potentialAction":[{"@type":"ReadAction","target":["https:\/\/gianganhlaw.com\/en\/gioi-thieu\/"]}]},{"@type":"BreadcrumbList","@id":"https:\/\/gianganhlaw.com\/en\/gioi-thieu\/#breadcrumb","itemListElement":[{"@type":"ListItem","position":1,"name":"Home","item":"https:\/\/gianganhlaw.com\/en\/"},{"@type":"ListItem","position":2,"name":"Gi\u1edbi Thi\u1ec7u"}]},{"@type":"WebSite","@id":"https:\/\/gianganhlaw.com\/#website","url":"https:\/\/gianganhlaw.com\/","name":"Lu\u1eadt Giang Anh","description":"","potentialAction":[{"@type":"SearchAction","target":{"@type":"EntryPoint","urlTemplate":"https:\/\/gianganhlaw.com\/?s={search_term_string}"},"query-input":"required name=search_term_string"}],"inLanguage":"en-US"}]}},"_links":{"self":[{"href":"https:\/\/gianganhlaw.com\/en\/wp-json\/wp\/v2\/pages\/1261","targetHints":{"allow":["GET"]}}],"collection":[{"href":"https:\/\/gianganhlaw.com\/en\/wp-json\/wp\/v2\/pages"}],"about":[{"href":"https:\/\/gianganhlaw.com\/en\/wp-json\/wp\/v2\/types\/page"}],"author":[{"embeddable":true,"href":"https:\/\/gianganhlaw.com\/en\/wp-json\/wp\/v2\/users\/2"}],"replies":[{"embeddable":true,"href":"https:\/\/gianganhlaw.com\/en\/wp-json\/wp\/v2\/comments?post=1261"}],"version-history":[{"count":5,"href":"https:\/\/gianganhlaw.com\/en\/wp-json\/wp\/v2\/pages\/1261\/revisions"}],"predecessor-version":[{"id":2761,"href":"https:\/\/gianganhlaw.com\/en\/wp-json\/wp\/v2\/pages\/1261\/revisions\/2761"}],"wp:attachment":[{"href":"https:\/\/gianganhlaw.com\/en\/wp-json\/wp\/v2\/media?parent=1261"}],"curies":[{"name":"wp","href":"https:\/\/api.w.org\/{rel}","templated":true}]}}